{"id":898,"date":"2014-10-18T19:08:15","date_gmt":"2014-10-18T18:08:15","guid":{"rendered":"http:\/\/www.varietyjazz.be\/?page_id=898"},"modified":"2017-09-09T13:44:17","modified_gmt":"2017-09-09T12:44:17","slug":"youtube","status":"publish","type":"page","link":"https:\/\/www.varietyjazz.be\/?page_id=898","title":{"rendered":"YouTube"},"content":{"rendered":"<p> Nos vid\u00e9os sur Youtube : <a href=\"https:\/\/www.youtube.com\/channel\/UCnVccZX0n_Swnx7t4y8mtlw\">Cha\u00eene Variety Jazz<\/a><\/p>\n<p><!--\n<iframe loading=\"lazy\" src=\"http:\/\/www.youtube.com\/embed\/EgrALUrrbWg\" frameborder=\"0\" width=\"560\" height=\"315\"><\/iframe>\nVirton Ap\u00e9ritif Concert 19 Ao\u00fbt 2012\n\n\n\n<hr \/>\n\n\n\n<iframe loading=\"lazy\" title=\"YouTube video player\" src=\"http:\/\/www.youtube.com\/embed\/4_Ukonywdkc\" frameborder=\"0\" width=\"540\" height=\"330\"><\/iframe>\nVariety Jazz plays Early autumn\n\n\n\n<hr \/>\n\n\n\n<iframe loading=\"lazy\" title=\"YouTube video player\" src=\"http:\/\/www.youtube.com\/embed\/JDuGJUdhVZc\" frameborder=\"0\" width=\"540\" height=\"330\"><\/iframe>\nVariety Jazz plays When you wish upon a Star.\n\n\n\n<hr \/>\n\n\n\n<iframe loading=\"lazy\" title=\"YouTube video player\" src=\"http:\/\/www.youtube.com\/embed\/SrDS4GDrqpY\" frameborder=\"0\" width=\"540\" height=\"330\"><\/iframe>\n25\u00e8me Anniversaire du Variety Jazz \u00e0 la MCSL d'Arlon le 27\/03\/2010.\nBoB SoLo, Nicky Van Durme &amp; R\u00e9my Willi\u00e8me interpr\u00e8tent La Salsa du D\u00e9mon (Grand Orchestre Du Splendid).\n\n\n\n<hr \/>\n\n\n\n<iframe loading=\"lazy\" title=\"YouTube video player\" src=\"http:\/\/www.youtube.com\/embed\/EUdXjvreCIg\" frameborder=\"0\" width=\"540\" height=\"330\"><\/iframe>\n25\u00e8me Anniversaire du Variety Jazz \u00e0 la MCSL d'Arlon le 27\/03\/2010.\nBoB SoLo interpr\u00e8te New York New York (Frank Sinatra)\n\n\n\n<hr \/>\n\n\n\n<iframe loading=\"lazy\" title=\"YouTube video player\" src=\"http:\/\/www.youtube.com\/embed\/faobD5Hc-wo\" frameborder=\"0\" width=\"540\" height=\"330\"><\/iframe>\n25\u00e8me Anniversaire du Variety Jazz \u00e0 la MCSL d'Arlon le 27\/03\/2010.\nBoB SoLo &amp; R\u00e9my Willi\u00e8me interpr\u00e8tent Vieille Canaille (Serge Gainsbourg &amp; Eddy Mitchell)\n\n\n\n<hr \/>\n\n\n--><\/p>\n","protected":false},"excerpt":{"rendered":"<p>Nos vid\u00e9os sur Youtube : Cha\u00eene Variety Jazz<\/p>\n","protected":false},"author":2,"featured_media":0,"parent":27,"menu_order":10,"comment_status":"closed","ping_status":"open","template":"","meta":{"footnotes":""},"class_list":["post-898","page","type-page","status-publish","hentry"],"_links":{"self":[{"href":"https:\/\/www.varietyjazz.be\/index.php?rest_route=\/wp\/v2\/pages\/898","targetHints":{"allow":["GET"]}}],"collection":[{"href":"https:\/\/www.varietyjazz.be\/index.php?rest_route=\/wp\/v2\/pages"}],"about":[{"href":"https:\/\/www.varietyjazz.be\/index.php?rest_route=\/wp\/v2\/types\/page"}],"author":[{"embeddable":true,"href":"https:\/\/www.varietyjazz.be\/index.php?rest_route=\/wp\/v2\/users\/2"}],"replies":[{"embeddable":true,"href":"https:\/\/www.varietyjazz.be\/index.php?rest_route=%2Fwp%2Fv2%2Fcomments&post=898"}],"version-history":[{"count":12,"href":"https:\/\/www.varietyjazz.be\/index.php?rest_route=\/wp\/v2\/pages\/898\/revisions"}],"predecessor-version":[{"id":2779,"href":"https:\/\/www.varietyjazz.be\/index.php?rest_route=\/wp\/v2\/pages\/898\/revisions\/2779"}],"up":[{"embeddable":true,"href":"https:\/\/www.varietyjazz.be\/index.php?rest_route=\/wp\/v2\/pages\/27"}],"wp:attachment":[{"href":"https:\/\/www.varietyjazz.be\/index.php?rest_route=%2Fwp%2Fv2%2Fmedia&parent=898"}],"curies":[{"name":"wp","href":"https:\/\/api.w.org\/{rel}","templated":true}]}}