{"id":389,"date":"2011-09-09T09:32:18","date_gmt":"2011-09-09T08:32:18","guid":{"rendered":"http:\/\/www.varietyjazz.be\/?page_id=389"},"modified":"2017-08-21T18:10:56","modified_gmt":"2017-08-21T17:10:56","slug":"concert-20-08-2011arlon-et-luxembourg-le-20-aout-2011","status":"publish","type":"page","link":"https:\/\/www.varietyjazz.be\/?page_id=389","title":{"rendered":"Concert \u00e0 Arlon et Luxembourg le 20 Ao\u00fbt 2011"},"content":{"rendered":"<p>Concert \u00e0 Arlon, au Parc L\u00e9opold et \u00e0 Luxembourg \u00e0 la Place d&rsquo;Arme, le Samedi 20 Ao\u00fbt 2011<br \/>\n[nggallery id=4]<\/p>\n","protected":false},"excerpt":{"rendered":"<p>Concert \u00e0 Arlon, au Parc L\u00e9opold et \u00e0 Luxembourg \u00e0 la Place d&rsquo;Arme, le Samedi 20 Ao\u00fbt 2011 [nggallery id=4]<\/p>\n","protected":false},"author":25,"featured_media":0,"parent":25,"menu_order":-20110820,"comment_status":"closed","ping_status":"closed","template":"","meta":{"footnotes":""},"class_list":["post-389","page","type-page","status-publish","hentry"],"_links":{"self":[{"href":"https:\/\/www.varietyjazz.be\/index.php?rest_route=\/wp\/v2\/pages\/389","targetHints":{"allow":["GET"]}}],"collection":[{"href":"https:\/\/www.varietyjazz.be\/index.php?rest_route=\/wp\/v2\/pages"}],"about":[{"href":"https:\/\/www.varietyjazz.be\/index.php?rest_route=\/wp\/v2\/types\/page"}],"author":[{"embeddable":true,"href":"https:\/\/www.varietyjazz.be\/index.php?rest_route=\/wp\/v2\/users\/25"}],"replies":[{"embeddable":true,"href":"https:\/\/www.varietyjazz.be\/index.php?rest_route=%2Fwp%2Fv2%2Fcomments&post=389"}],"version-history":[{"count":8,"href":"https:\/\/www.varietyjazz.be\/index.php?rest_route=\/wp\/v2\/pages\/389\/revisions"}],"predecessor-version":[{"id":393,"href":"https:\/\/www.varietyjazz.be\/index.php?rest_route=\/wp\/v2\/pages\/389\/revisions\/393"}],"up":[{"embeddable":true,"href":"https:\/\/www.varietyjazz.be\/index.php?rest_route=\/wp\/v2\/pages\/25"}],"wp:attachment":[{"href":"https:\/\/www.varietyjazz.be\/index.php?rest_route=%2Fwp%2Fv2%2Fmedia&parent=389"}],"curies":[{"name":"wp","href":"https:\/\/api.w.org\/{rel}","templated":true}]}}