{"id":32,"date":"2011-03-13T15:38:30","date_gmt":"2011-03-13T14:38:30","guid":{"rendered":"http:\/\/www.varietyjazz.be\/?page_id=32"},"modified":"2017-07-08T08:31:11","modified_gmt":"2017-07-08T07:31:11","slug":"membres-vj","status":"publish","type":"page","link":"https:\/\/www.varietyjazz.be\/?page_id=32","title":{"rendered":"Priv\u00e9"},"content":{"rendered":"<p>Les pages de cette section sont r\u00e9serv\u00e9es aux membres du Variety Jazz.<\/p>\n<p><p><a title=\"Login\" href=\"http:\/\/band.varietyjazz.be\/index.php?z=login\">Connectez-vous !<\/a><\/p>\n<p><img loading=\"lazy\" decoding=\"async\" src=\"http:\/\/www.varietyjazz.be\/wp-content\/uploads\/2011\/03\/Logo_VJ1-300x246.png\" alt=\"Logo\" title=\"Logo\" width=\"300\" height=\"246\" class=\"size-medium wp-image-14\" srcset=\"https:\/\/www.varietyjazz.be\/wp-content\/uploads\/2011\/03\/Logo_VJ1-300x246.png 300w, https:\/\/www.varietyjazz.be\/wp-content\/uploads\/2011\/03\/Logo_VJ1.png 645w\" sizes=\"auto, (max-width: 300px) 100vw, 300px\" \/><\/p>\n<p><a title=\"Administration du site\" href=\"http:\/\/www.varietyjazz.be\/wp-admin\/index.php\">Administration du site<\/a><\/p>\n","protected":false},"excerpt":{"rendered":"<p>Les pages de cette section sont r\u00e9serv\u00e9es aux membres du Variety Jazz. Connectez-vous ! Administration du site<\/p>\n","protected":false},"author":1,"featured_media":0,"parent":0,"menu_order":700,"comment_status":"closed","ping_status":"closed","template":"","meta":{"footnotes":""},"class_list":["post-32","page","type-page","status-publish","hentry"],"_links":{"self":[{"href":"https:\/\/www.varietyjazz.be\/index.php?rest_route=\/wp\/v2\/pages\/32","targetHints":{"allow":["GET"]}}],"collection":[{"href":"https:\/\/www.varietyjazz.be\/index.php?rest_route=\/wp\/v2\/pages"}],"about":[{"href":"https:\/\/www.varietyjazz.be\/index.php?rest_route=\/wp\/v2\/types\/page"}],"author":[{"embeddable":true,"href":"https:\/\/www.varietyjazz.be\/index.php?rest_route=\/wp\/v2\/users\/1"}],"replies":[{"embeddable":true,"href":"https:\/\/www.varietyjazz.be\/index.php?rest_route=%2Fwp%2Fv2%2Fcomments&post=32"}],"version-history":[{"count":14,"href":"https:\/\/www.varietyjazz.be\/index.php?rest_route=\/wp\/v2\/pages\/32\/revisions"}],"predecessor-version":[{"id":2560,"href":"https:\/\/www.varietyjazz.be\/index.php?rest_route=\/wp\/v2\/pages\/32\/revisions\/2560"}],"wp:attachment":[{"href":"https:\/\/www.varietyjazz.be\/index.php?rest_route=%2Fwp%2Fv2%2Fmedia&parent=32"}],"curies":[{"name":"wp","href":"https:\/\/api.w.org\/{rel}","templated":true}]}}