{"id":3032,"date":"2019-04-12T18:25:30","date_gmt":"2019-04-12T17:25:30","guid":{"rendered":"http:\/\/www.varietyjazz.be\/?page_id=3032"},"modified":"2019-04-14T09:15:22","modified_gmt":"2019-04-14T08:15:22","slug":"the-dominos","status":"publish","type":"page","link":"https:\/\/www.varietyjazz.be\/?page_id=3032","title":{"rendered":"The Domino&rsquo;s"},"content":{"rendered":"\n<p>Le groupe belge de rockabilly \u00ab\u00a0The Domino&rsquo;s\u00a0\u00bb a connu le succ\u00e8s dans les ann\u00e9es nonante.<\/p>\n\n\n\n<p>Il \u00e9tait compos\u00e9 de quatre excellents musiciens:<\/p>\n\n\n\n<ul class=\"wp-block-list\"><li> <a href=\"https:\/\/fr.wikipedia.org\/wiki\/Patrick_Ouch%C3%A8ne\">Patrick Ouch\u00e8ne<\/a>, le chanteur<\/li><li>Marco, le batteur<\/li><li>Le contrebassiste<\/li><li><a href=\"http:\/\/users.skynet.be\/fa367427\/FR%20Bernard%2001.htm\">Bernard Vancraynest<\/a>, le pianiste-saxophoniste-<a href=\"http:\/\/users.skynet.be\/fa367427\/MQ%20Presentation.htm\">violoniste<\/a><\/li><\/ul>\n\n\n\n<p><\/p>\n\n\n\n<figure class=\"wp-block-embed-youtube wp-block-embed is-type-video is-provider-youtube wp-embed-aspect-4-3 wp-has-aspect-ratio\"><div class=\"wp-block-embed__wrapper\">\n<iframe loading=\"lazy\" title=\"The Domino&#039;s - Je suis swing (1993)\" width=\"500\" height=\"375\" src=\"https:\/\/www.youtube.com\/embed\/XYADRICfNZE?feature=oembed\" frameborder=\"0\" allow=\"accelerometer; autoplay; clipboard-write; encrypted-media; gyroscope; picture-in-picture; web-share\" referrerpolicy=\"strict-origin-when-cross-origin\" allowfullscreen><\/iframe>\n<\/div><\/figure>\n\n\n\n<p><\/p>\n\n\n\n<figure class=\"wp-block-embed-youtube wp-block-embed is-type-video is-provider-youtube wp-embed-aspect-4-3 wp-has-aspect-ratio\"><div class=\"wp-block-embed__wrapper\">\n<iframe loading=\"lazy\" title=\"The Dominos - Tornado (Video Clip 1996)\" width=\"500\" height=\"375\" src=\"https:\/\/www.youtube.com\/embed\/GoEX1s2XVQw?feature=oembed\" frameborder=\"0\" allow=\"accelerometer; autoplay; clipboard-write; encrypted-media; gyroscope; picture-in-picture; web-share\" referrerpolicy=\"strict-origin-when-cross-origin\" allowfullscreen><\/iframe>\n<\/div><\/figure>\n\n\n\n<p>Le Variety Jazz les a accompagn\u00e9 pour quelques concerts : <\/p>\n\n\n\n<ul class=\"wp-block-list\"><li> 10 ao\u00fbt 1996:  festival \u00ab Jazz behind the beach \u00bb \u00e0 Zandvoort en Hollande. <\/li><li> 15 Ao\u00fbt 1996:  Gaume Jazz festival  \u00e0 Rossignol.<\/li><li>14 Septembre 1996: F\u00eates de la musique \u00e0 Namur.<\/li><li>18 Mai 1997: Concert \u00e0 Musson.<\/li><li>1 Janvier 2000: Concert \u00e0 Arlon.<\/li><\/ul>\n","protected":false},"excerpt":{"rendered":"<p>Le groupe belge de rockabilly \u00ab\u00a0The Domino&rsquo;s\u00a0\u00bb a connu le succ\u00e8s dans les ann\u00e9es nonante. Il \u00e9tait compos\u00e9 de quatre excellents musiciens: Patrick Ouch\u00e8ne, le chanteur Marco, le batteur Le contrebassiste Bernard Vancraynest, le pianiste-saxophoniste-violoniste Le Variety Jazz les a &hellip; <a href=\"https:\/\/www.varietyjazz.be\/?page_id=3032\">Continue reading <span class=\"meta-nav\">&rarr;<\/span><\/a><\/p>\n","protected":false},"author":2,"featured_media":0,"parent":27,"menu_order":-1993,"comment_status":"closed","ping_status":"closed","template":"","meta":{"footnotes":""},"class_list":["post-3032","page","type-page","status-publish","hentry"],"_links":{"self":[{"href":"https:\/\/www.varietyjazz.be\/index.php?rest_route=\/wp\/v2\/pages\/3032","targetHints":{"allow":["GET"]}}],"collection":[{"href":"https:\/\/www.varietyjazz.be\/index.php?rest_route=\/wp\/v2\/pages"}],"about":[{"href":"https:\/\/www.varietyjazz.be\/index.php?rest_route=\/wp\/v2\/types\/page"}],"author":[{"embeddable":true,"href":"https:\/\/www.varietyjazz.be\/index.php?rest_route=\/wp\/v2\/users\/2"}],"replies":[{"embeddable":true,"href":"https:\/\/www.varietyjazz.be\/index.php?rest_route=%2Fwp%2Fv2%2Fcomments&post=3032"}],"version-history":[{"count":9,"href":"https:\/\/www.varietyjazz.be\/index.php?rest_route=\/wp\/v2\/pages\/3032\/revisions"}],"predecessor-version":[{"id":3047,"href":"https:\/\/www.varietyjazz.be\/index.php?rest_route=\/wp\/v2\/pages\/3032\/revisions\/3047"}],"up":[{"embeddable":true,"href":"https:\/\/www.varietyjazz.be\/index.php?rest_route=\/wp\/v2\/pages\/27"}],"wp:attachment":[{"href":"https:\/\/www.varietyjazz.be\/index.php?rest_route=%2Fwp%2Fv2%2Fmedia&parent=3032"}],"curies":[{"name":"wp","href":"https:\/\/api.w.org\/{rel}","templated":true}]}}