{"id":2931,"date":"2018-06-27T10:07:04","date_gmt":"2018-06-27T09:07:04","guid":{"rendered":"http:\/\/www.varietyjazz.be\/?page_id=2931"},"modified":"2018-06-27T10:07:04","modified_gmt":"2018-06-27T09:07:04","slug":"concert-a-habay-la-neuve-abero-17-juin-2018","status":"publish","type":"page","link":"https:\/\/www.varietyjazz.be\/?page_id=2931","title":{"rendered":"Concert \u00e0 Habay-la-Neuve  Ab\u00e9ro 17 Juin 2018"},"content":{"rendered":"<p>Animation de l&rsquo;Ab\u00e9ro dans le parc du Ch\u00e2telet \u00e0 Habay-la-Neuve le 17 Juin 2018. [nggallery id=\u00a0\u00bb18&Prime;]<\/p>\n","protected":false},"excerpt":{"rendered":"<p>Animation de l&rsquo;Ab\u00e9ro dans le parc du Ch\u00e2telet \u00e0 Habay-la-Neuve le 17 Juin 2018. [nggallery id=\u00a0\u00bb18&Prime;]<\/p>\n","protected":false},"author":32,"featured_media":0,"parent":25,"menu_order":-20180617,"comment_status":"closed","ping_status":"closed","template":"","meta":{"footnotes":""},"class_list":["post-2931","page","type-page","status-publish","hentry"],"_links":{"self":[{"href":"https:\/\/www.varietyjazz.be\/index.php?rest_route=\/wp\/v2\/pages\/2931","targetHints":{"allow":["GET"]}}],"collection":[{"href":"https:\/\/www.varietyjazz.be\/index.php?rest_route=\/wp\/v2\/pages"}],"about":[{"href":"https:\/\/www.varietyjazz.be\/index.php?rest_route=\/wp\/v2\/types\/page"}],"author":[{"embeddable":true,"href":"https:\/\/www.varietyjazz.be\/index.php?rest_route=\/wp\/v2\/users\/32"}],"replies":[{"embeddable":true,"href":"https:\/\/www.varietyjazz.be\/index.php?rest_route=%2Fwp%2Fv2%2Fcomments&post=2931"}],"version-history":[{"count":1,"href":"https:\/\/www.varietyjazz.be\/index.php?rest_route=\/wp\/v2\/pages\/2931\/revisions"}],"predecessor-version":[{"id":2932,"href":"https:\/\/www.varietyjazz.be\/index.php?rest_route=\/wp\/v2\/pages\/2931\/revisions\/2932"}],"up":[{"embeddable":true,"href":"https:\/\/www.varietyjazz.be\/index.php?rest_route=\/wp\/v2\/pages\/25"}],"wp:attachment":[{"href":"https:\/\/www.varietyjazz.be\/index.php?rest_route=%2Fwp%2Fv2%2Fmedia&parent=2931"}],"curies":[{"name":"wp","href":"https:\/\/api.w.org\/{rel}","templated":true}]}}