{"id":2756,"date":"2017-08-25T17:41:26","date_gmt":"2017-08-25T16:41:26","guid":{"rendered":"http:\/\/www.varietyjazz.be\/?page_id=2756"},"modified":"2017-08-25T17:41:26","modified_gmt":"2017-08-25T16:41:26","slug":"concert-a-saint-mard-le-19-aout-2017","status":"publish","type":"page","link":"https:\/\/www.varietyjazz.be\/?page_id=2756","title":{"rendered":"Concert \u00e0 Saint-Mard le 19 Ao\u00fbt 2017"},"content":{"rendered":"<p>Concert sur le kiosque de Saint-Mard le 19 Ao\u00fbt 2017.<\/p>\n<p>[nggallery id=\u00a0\u00bb16&Prime;]<\/p>\n","protected":false},"excerpt":{"rendered":"<p>Concert sur le kiosque de Saint-Mard le 19 Ao\u00fbt 2017. [nggallery id=\u00a0\u00bb16&Prime;]<\/p>\n","protected":false},"author":32,"featured_media":0,"parent":25,"menu_order":-20170819,"comment_status":"closed","ping_status":"closed","template":"","meta":{"footnotes":""},"class_list":["post-2756","page","type-page","status-publish","hentry"],"_links":{"self":[{"href":"https:\/\/www.varietyjazz.be\/index.php?rest_route=\/wp\/v2\/pages\/2756","targetHints":{"allow":["GET"]}}],"collection":[{"href":"https:\/\/www.varietyjazz.be\/index.php?rest_route=\/wp\/v2\/pages"}],"about":[{"href":"https:\/\/www.varietyjazz.be\/index.php?rest_route=\/wp\/v2\/types\/page"}],"author":[{"embeddable":true,"href":"https:\/\/www.varietyjazz.be\/index.php?rest_route=\/wp\/v2\/users\/32"}],"replies":[{"embeddable":true,"href":"https:\/\/www.varietyjazz.be\/index.php?rest_route=%2Fwp%2Fv2%2Fcomments&post=2756"}],"version-history":[{"count":1,"href":"https:\/\/www.varietyjazz.be\/index.php?rest_route=\/wp\/v2\/pages\/2756\/revisions"}],"predecessor-version":[{"id":2757,"href":"https:\/\/www.varietyjazz.be\/index.php?rest_route=\/wp\/v2\/pages\/2756\/revisions\/2757"}],"up":[{"embeddable":true,"href":"https:\/\/www.varietyjazz.be\/index.php?rest_route=\/wp\/v2\/pages\/25"}],"wp:attachment":[{"href":"https:\/\/www.varietyjazz.be\/index.php?rest_route=%2Fwp%2Fv2%2Fmedia&parent=2756"}],"curies":[{"name":"wp","href":"https:\/\/api.w.org\/{rel}","templated":true}]}}