{"id":2714,"date":"2017-08-21T17:41:58","date_gmt":"2017-08-21T16:41:58","guid":{"rendered":"http:\/\/www.varietyjazz.be\/?page_id=2714"},"modified":"2017-08-21T18:01:00","modified_gmt":"2017-08-21T17:01:00","slug":"saint-mard-19-aout-2017","status":"publish","type":"page","link":"https:\/\/www.varietyjazz.be\/?page_id=2714","title":{"rendered":"Saint-Mard, 19 Ao\u00fbt 2017"},"content":{"rendered":"<p>Concert sur le kiosque de Saint-Mard le 19 Ao\u00fbt 2017<\/p>\n<p>Cliquez sur la vid\u00e9o pour d\u00e9marrer la playlist du concert.<\/P><\/p>\n<p><iframe loading=\"lazy\" width=\"560\" height=\"315\" src=\"https:\/\/www.youtube.com\/embed\/videoseries?list=PLTuJmL056Z6J0t2kIXdgt_RfEd9X3-ECu\" frameborder=\"0\" allowfullscreen><\/iframe><\/p>\n<p>Cliquez en haut \u00e0 gauche pour voir la liste des vid\u00e9os du concert, ou sur \u00ab\u00a0YouTube\u00a0\u00bb en bas \u00e0 droite pour voir la liste sur le site YouTube.<\/p>\n","protected":false},"excerpt":{"rendered":"<p>Concert sur le kiosque de Saint-Mard le 19 Ao\u00fbt 2017 Cliquez sur la vid\u00e9o pour d\u00e9marrer la playlist du concert. Cliquez en haut \u00e0 gauche pour voir la liste des vid\u00e9os du concert, ou sur \u00ab\u00a0YouTube\u00a0\u00bb en bas \u00e0 droite &hellip; <a href=\"https:\/\/www.varietyjazz.be\/?page_id=2714\">Continue reading <span class=\"meta-nav\">&rarr;<\/span><\/a><\/p>\n","protected":false},"author":32,"featured_media":0,"parent":27,"menu_order":-20170819,"comment_status":"closed","ping_status":"closed","template":"","meta":{"footnotes":""},"class_list":["post-2714","page","type-page","status-publish","hentry"],"_links":{"self":[{"href":"https:\/\/www.varietyjazz.be\/index.php?rest_route=\/wp\/v2\/pages\/2714","targetHints":{"allow":["GET"]}}],"collection":[{"href":"https:\/\/www.varietyjazz.be\/index.php?rest_route=\/wp\/v2\/pages"}],"about":[{"href":"https:\/\/www.varietyjazz.be\/index.php?rest_route=\/wp\/v2\/types\/page"}],"author":[{"embeddable":true,"href":"https:\/\/www.varietyjazz.be\/index.php?rest_route=\/wp\/v2\/users\/32"}],"replies":[{"embeddable":true,"href":"https:\/\/www.varietyjazz.be\/index.php?rest_route=%2Fwp%2Fv2%2Fcomments&post=2714"}],"version-history":[{"count":3,"href":"https:\/\/www.varietyjazz.be\/index.php?rest_route=\/wp\/v2\/pages\/2714\/revisions"}],"predecessor-version":[{"id":2716,"href":"https:\/\/www.varietyjazz.be\/index.php?rest_route=\/wp\/v2\/pages\/2714\/revisions\/2716"}],"up":[{"embeddable":true,"href":"https:\/\/www.varietyjazz.be\/index.php?rest_route=\/wp\/v2\/pages\/27"}],"wp:attachment":[{"href":"https:\/\/www.varietyjazz.be\/index.php?rest_route=%2Fwp%2Fv2%2Fmedia&parent=2714"}],"curies":[{"name":"wp","href":"https:\/\/api.w.org\/{rel}","templated":true}]}}