{"id":2591,"date":"2017-07-22T15:41:45","date_gmt":"2017-07-22T14:41:45","guid":{"rendered":"http:\/\/www.varietyjazz.be\/?page_id=2591"},"modified":"2017-08-21T18:02:03","modified_gmt":"2017-08-21T17:02:03","slug":"habay-21-juillet-2017","status":"publish","type":"page","link":"https:\/\/www.varietyjazz.be\/?page_id=2591","title":{"rendered":"Habay, 21 Juillet 2017"},"content":{"rendered":"<p>Concert dans la Parc du Ch\u00e2telet \u00e0 Habay-la-Neuve le 21 Juillet 2017<\/p>\n<p>Cliquez sur la vid\u00e9o pour d\u00e9marrer la playlist du concert.<\/P><br \/>\n<iframe loading=\"lazy\" width=\"560\" height=\"315\" src=\"https:\/\/www.youtube.com\/embed\/videoseries?list=PLTuJmL056Z6LbWoLZha5QYDu8VTtzRcft\" frameborder=\"0\" allowfullscreen><\/iframe><\/p>\n<p>Cliquez en haut \u00e0 gauche pour voir la liste des vid\u00e9os du concert, ou sur \u00ab\u00a0YouTube\u00a0\u00bb en bas \u00e0 droite pour voir la liste sur le site YouTube.<\/p>\n","protected":false},"excerpt":{"rendered":"<p>Concert dans la Parc du Ch\u00e2telet \u00e0 Habay-la-Neuve le 21 Juillet 2017 Cliquez sur la vid\u00e9o pour d\u00e9marrer la playlist du concert. Cliquez en haut \u00e0 gauche pour voir la liste des vid\u00e9os du concert, ou sur \u00ab\u00a0YouTube\u00a0\u00bb en bas &hellip; <a href=\"https:\/\/www.varietyjazz.be\/?page_id=2591\">Continue reading <span class=\"meta-nav\">&rarr;<\/span><\/a><\/p>\n","protected":false},"author":32,"featured_media":0,"parent":27,"menu_order":-20170721,"comment_status":"closed","ping_status":"closed","template":"","meta":{"footnotes":""},"class_list":["post-2591","page","type-page","status-publish","hentry"],"_links":{"self":[{"href":"https:\/\/www.varietyjazz.be\/index.php?rest_route=\/wp\/v2\/pages\/2591","targetHints":{"allow":["GET"]}}],"collection":[{"href":"https:\/\/www.varietyjazz.be\/index.php?rest_route=\/wp\/v2\/pages"}],"about":[{"href":"https:\/\/www.varietyjazz.be\/index.php?rest_route=\/wp\/v2\/types\/page"}],"author":[{"embeddable":true,"href":"https:\/\/www.varietyjazz.be\/index.php?rest_route=\/wp\/v2\/users\/32"}],"replies":[{"embeddable":true,"href":"https:\/\/www.varietyjazz.be\/index.php?rest_route=%2Fwp%2Fv2%2Fcomments&post=2591"}],"version-history":[{"count":5,"href":"https:\/\/www.varietyjazz.be\/index.php?rest_route=\/wp\/v2\/pages\/2591\/revisions"}],"predecessor-version":[{"id":2599,"href":"https:\/\/www.varietyjazz.be\/index.php?rest_route=\/wp\/v2\/pages\/2591\/revisions\/2599"}],"up":[{"embeddable":true,"href":"https:\/\/www.varietyjazz.be\/index.php?rest_route=\/wp\/v2\/pages\/27"}],"wp:attachment":[{"href":"https:\/\/www.varietyjazz.be\/index.php?rest_route=%2Fwp%2Fv2%2Fmedia&parent=2591"}],"curies":[{"name":"wp","href":"https:\/\/api.w.org\/{rel}","templated":true}]}}