{"id":2535,"date":"2017-05-29T18:20:38","date_gmt":"2017-05-29T17:20:38","guid":{"rendered":"http:\/\/www.varietyjazz.be\/?page_id=2535"},"modified":"2017-08-21T18:07:58","modified_gmt":"2017-08-21T17:07:58","slug":"concert-a-arlon-le-28-mai-2017","status":"publish","type":"page","link":"https:\/\/www.varietyjazz.be\/?page_id=2535","title":{"rendered":"Concert \u00e0 Arlon le 28 Mai 2017"},"content":{"rendered":"<p>Concert sur la Place L\u00e9opold \u00e0 Arlon le 28 Mai 2017.<br \/>\nF\u00eates du Maitrank.<\/p>\n<p>[nggallery id=\u00a0\u00bb14&Prime;]<\/p>\n","protected":false},"excerpt":{"rendered":"<p>Concert sur la Place L\u00e9opold \u00e0 Arlon le 28 Mai 2017. F\u00eates du Maitrank. [nggallery id=\u00a0\u00bb14&Prime;]<\/p>\n","protected":false},"author":32,"featured_media":0,"parent":25,"menu_order":-20170528,"comment_status":"closed","ping_status":"closed","template":"","meta":{"footnotes":""},"class_list":["post-2535","page","type-page","status-publish","hentry"],"_links":{"self":[{"href":"https:\/\/www.varietyjazz.be\/index.php?rest_route=\/wp\/v2\/pages\/2535","targetHints":{"allow":["GET"]}}],"collection":[{"href":"https:\/\/www.varietyjazz.be\/index.php?rest_route=\/wp\/v2\/pages"}],"about":[{"href":"https:\/\/www.varietyjazz.be\/index.php?rest_route=\/wp\/v2\/types\/page"}],"author":[{"embeddable":true,"href":"https:\/\/www.varietyjazz.be\/index.php?rest_route=\/wp\/v2\/users\/32"}],"replies":[{"embeddable":true,"href":"https:\/\/www.varietyjazz.be\/index.php?rest_route=%2Fwp%2Fv2%2Fcomments&post=2535"}],"version-history":[{"count":2,"href":"https:\/\/www.varietyjazz.be\/index.php?rest_route=\/wp\/v2\/pages\/2535\/revisions"}],"predecessor-version":[{"id":2537,"href":"https:\/\/www.varietyjazz.be\/index.php?rest_route=\/wp\/v2\/pages\/2535\/revisions\/2537"}],"up":[{"embeddable":true,"href":"https:\/\/www.varietyjazz.be\/index.php?rest_route=\/wp\/v2\/pages\/25"}],"wp:attachment":[{"href":"https:\/\/www.varietyjazz.be\/index.php?rest_route=%2Fwp%2Fv2%2Fmedia&parent=2535"}],"curies":[{"name":"wp","href":"https:\/\/api.w.org\/{rel}","templated":true}]}}