{"id":25,"date":"2011-03-13T15:34:42","date_gmt":"2011-03-13T14:34:42","guid":{"rendered":"http:\/\/www.varietyjazz.be\/?page_id=25"},"modified":"2019-03-16T16:53:46","modified_gmt":"2019-03-16T15:53:46","slug":"photos","status":"publish","type":"page","link":"https:\/\/www.varietyjazz.be\/?page_id=25","title":{"rendered":"Photos"},"content":{"rendered":"<p><a href=\"http:\/\/www.varietyjazz.be\/?page_id=3017\">Luxembourg le 9 Septembre 2018<\/a><\/p>\n<p><a href=\"http:\/\/www.varietyjazz.be\/?page_id=2931\">Habay-la-Neuve 17 Juin 2018<\/a><\/p>\n<p><a href=\"http:\/\/www.varietyjazz.be\/?page_id=2832\">Luxembourg 9 Septembre 2017<\/a><\/p>\n<p><a href=\"http:\/\/www.varietyjazz.be\/?page_id=2756\">Saint-Mard 19 Ao\u00fbt 2017<\/a><\/p>\n<p><a href=\"http:\/\/www.varietyjazz.be\/?page_id=2661\">Habay-la-Neuve 21 Juillet 2017<\/a><\/p>\n<p><a href=\"http:\/\/www.varietyjazz.be\/?page_id=2535\">Arlon 28 Mai 2017<\/a><\/p>\n<p><a href=\"http:\/\/www.varietyjazz.be\/?page_id=2356\">Ch\u00e2teau de Montquintin 30 Juillet 2016<\/a><\/p>\n<p><a href=\"http:\/\/www.varietyjazz.be\/?page_id=2205\">Habay-la-Neuve Ab\u00e9ro 26 Juin 2016<\/a><\/p>\n<p><a href=\"http:\/\/www.varietyjazz.be\/?page_id=2048\">Rossignol 23 Avril 2016<\/a><\/p>\n<p><a href=\"http:\/\/www.varietyjazz.be\/?page_id=2042\">Rossignol 27 F\u00e9vrier 2016<\/a><\/p>\n<p><a href=\"http:\/\/www.varietyjazz.be\/?page_id=1329\">Luxembourg 5 Septembre 2015<\/a><\/p>\n<p><a href=\"http:\/\/www.varietyjazz.be\/?page_id=1009\">Arlon 30 Ao\u00fbt 2015<\/a><\/p>\n<p><a href=\"http:\/\/www.varietyjazz.be\/?page_id=1037\">Torgny le 19 Juillet 2015<\/a><\/p>\n<p><a title=\"Luxembourg 30 Ao\u00fbt 2014\" href=\"http:\/\/www.varietyjazz.be\/?page_id=830\">Luxembourg 30 Ao\u00fbt 2014<\/a><\/p>\n<p><a title=\"Concert \u00e0 Arlon le 30 Ao\u00fbt 2014\" href=\"http:\/\/www.varietyjazz.be\/?page_id=822\">Arlon 30 Ao\u00fbt 2014<\/a><\/p>\n<p><a title=\"Concert \u00e0 Arlon et Luxembourg le 20 Ao\u00fbt 2011\" href=\"http:\/\/www.varietyjazz.be\/?page_id=389\">Arlon et Luxembourg le 20 Ao\u00fbt 2011<\/a><\/p>\n<p><a title=\"Concert au Pont d\u2019Oye le 4 Juin 2011\" href=\"http:\/\/www.varietyjazz.be\/?page_id=319\">Pont d&rsquo;Oye le 4 Juin 2011<\/a> <a href=\"http:\/\/www.varietyjazz.be\/?page_id=1039\">Arlon le 1er Mai 2011<\/a><\/p>\n<p><a title=\"Concert des 25 ans\" href=\"http:\/\/www.varietyjazz.be\/?page_id=42\">Arlon le 27 Mars 2010<\/a><\/p>\n","protected":false},"excerpt":{"rendered":"<p>Luxembourg le 9 Septembre 2018 Habay-la-Neuve 17 Juin 2018 Luxembourg 9 Septembre 2017 Saint-Mard 19 Ao\u00fbt 2017 Habay-la-Neuve 21 Juillet 2017 Arlon 28 Mai 2017 Ch\u00e2teau de Montquintin 30 Juillet 2016 Habay-la-Neuve Ab\u00e9ro 26 Juin 2016 Rossignol 23 Avril 2016 &hellip; <a href=\"https:\/\/www.varietyjazz.be\/?page_id=25\">Continue reading <span class=\"meta-nav\">&rarr;<\/span><\/a><\/p>\n","protected":false},"author":1,"featured_media":0,"parent":0,"menu_order":400,"comment_status":"closed","ping_status":"closed","template":"","meta":{"footnotes":""},"class_list":["post-25","page","type-page","status-publish","hentry"],"_links":{"self":[{"href":"https:\/\/www.varietyjazz.be\/index.php?rest_route=\/wp\/v2\/pages\/25","targetHints":{"allow":["GET"]}}],"collection":[{"href":"https:\/\/www.varietyjazz.be\/index.php?rest_route=\/wp\/v2\/pages"}],"about":[{"href":"https:\/\/www.varietyjazz.be\/index.php?rest_route=\/wp\/v2\/types\/page"}],"author":[{"embeddable":true,"href":"https:\/\/www.varietyjazz.be\/index.php?rest_route=\/wp\/v2\/users\/1"}],"replies":[{"embeddable":true,"href":"https:\/\/www.varietyjazz.be\/index.php?rest_route=%2Fwp%2Fv2%2Fcomments&post=25"}],"version-history":[{"count":13,"href":"https:\/\/www.varietyjazz.be\/index.php?rest_route=\/wp\/v2\/pages\/25\/revisions"}],"predecessor-version":[{"id":3030,"href":"https:\/\/www.varietyjazz.be\/index.php?rest_route=\/wp\/v2\/pages\/25\/revisions\/3030"}],"wp:attachment":[{"href":"https:\/\/www.varietyjazz.be\/index.php?rest_route=%2Fwp%2Fv2%2Fmedia&parent=25"}],"curies":[{"name":"wp","href":"https:\/\/api.w.org\/{rel}","templated":true}]}}