{"id":2381,"date":"2016-09-11T10:42:00","date_gmt":"2016-09-11T09:42:00","guid":{"rendered":"http:\/\/www.varietyjazz.be\/?page_id=2381"},"modified":"2017-08-21T18:02:47","modified_gmt":"2017-08-21T17:02:47","slug":"luxembourg-6-septembre-2016","status":"publish","type":"page","link":"https:\/\/www.varietyjazz.be\/?page_id=2381","title":{"rendered":"Luxembourg 6 Septembre 2016"},"content":{"rendered":"<p> Concert sur la Place d&rsquo;Armes \u00e0 Luxembourg le 6 Septembre 2016<\/p>\n<p>Cliquez sur la vid\u00e9o pour d\u00e9marrer la playlist du concert.<br \/>\n<iframe loading=\"lazy\" width=\"560\" height=\"315\" src=\"https:\/\/www.youtube.com\/embed\/videoseries?list=PLTuJmL056Z6IemfHA_Ca0jUuon4IHC5OI\" frameborder=\"0\" allowfullscreen><\/iframe><br \/>\n<P>Cliquez en haut \u00e0 gauche pour voir la liste des vid\u00e9os du concert,<br \/>\nou sur \u00ab\u00a0YouTube\u00a0\u00bb en bas \u00e0 droite pour voir la liste sur le site YouTube.<\/p>\n","protected":false},"excerpt":{"rendered":"<p>Concert sur la Place d&rsquo;Armes \u00e0 Luxembourg le 6 Septembre 2016 Cliquez sur la vid\u00e9o pour d\u00e9marrer la playlist du concert. Cliquez en haut \u00e0 gauche pour voir la liste des vid\u00e9os du concert, ou sur \u00ab\u00a0YouTube\u00a0\u00bb en bas \u00e0 &hellip; <a href=\"https:\/\/www.varietyjazz.be\/?page_id=2381\">Continue reading <span class=\"meta-nav\">&rarr;<\/span><\/a><\/p>\n","protected":false},"author":32,"featured_media":0,"parent":27,"menu_order":-20160906,"comment_status":"closed","ping_status":"closed","template":"","meta":{"footnotes":""},"class_list":["post-2381","page","type-page","status-publish","hentry"],"_links":{"self":[{"href":"https:\/\/www.varietyjazz.be\/index.php?rest_route=\/wp\/v2\/pages\/2381","targetHints":{"allow":["GET"]}}],"collection":[{"href":"https:\/\/www.varietyjazz.be\/index.php?rest_route=\/wp\/v2\/pages"}],"about":[{"href":"https:\/\/www.varietyjazz.be\/index.php?rest_route=\/wp\/v2\/types\/page"}],"author":[{"embeddable":true,"href":"https:\/\/www.varietyjazz.be\/index.php?rest_route=\/wp\/v2\/users\/32"}],"replies":[{"embeddable":true,"href":"https:\/\/www.varietyjazz.be\/index.php?rest_route=%2Fwp%2Fv2%2Fcomments&post=2381"}],"version-history":[{"count":3,"href":"https:\/\/www.varietyjazz.be\/index.php?rest_route=\/wp\/v2\/pages\/2381\/revisions"}],"predecessor-version":[{"id":2594,"href":"https:\/\/www.varietyjazz.be\/index.php?rest_route=\/wp\/v2\/pages\/2381\/revisions\/2594"}],"up":[{"embeddable":true,"href":"https:\/\/www.varietyjazz.be\/index.php?rest_route=\/wp\/v2\/pages\/27"}],"wp:attachment":[{"href":"https:\/\/www.varietyjazz.be\/index.php?rest_route=%2Fwp%2Fv2%2Fmedia&parent=2381"}],"curies":[{"name":"wp","href":"https:\/\/api.w.org\/{rel}","templated":true}]}}