{"id":2042,"date":"2016-06-10T20:10:59","date_gmt":"2016-06-10T19:10:59","guid":{"rendered":"http:\/\/www.varietyjazz.be\/?page_id=2042"},"modified":"2017-08-21T18:09:00","modified_gmt":"2017-08-21T17:09:00","slug":"concert-rossignol-27-fevrier-2016","status":"publish","type":"page","link":"https:\/\/www.varietyjazz.be\/?page_id=2042","title":{"rendered":"Concert \u00e0 Rossignol le 27 F\u00e9vrier 2016"},"content":{"rendered":"<p>Concert du 30\u00e8me anniversaire du Variety Jazz au Centre Culturel de Rossignol-Tintigny.<\/p>\n<p>[nggallery id=\u00a0\u00bb10&Prime;]<\/p>\n","protected":false},"excerpt":{"rendered":"<p>Concert du 30\u00e8me anniversaire du Variety Jazz au Centre Culturel de Rossignol-Tintigny. [nggallery id=\u00a0\u00bb10&Prime;]<\/p>\n","protected":false},"author":32,"featured_media":0,"parent":25,"menu_order":-20160227,"comment_status":"closed","ping_status":"closed","template":"","meta":{"footnotes":""},"class_list":["post-2042","page","type-page","status-publish","hentry"],"_links":{"self":[{"href":"https:\/\/www.varietyjazz.be\/index.php?rest_route=\/wp\/v2\/pages\/2042","targetHints":{"allow":["GET"]}}],"collection":[{"href":"https:\/\/www.varietyjazz.be\/index.php?rest_route=\/wp\/v2\/pages"}],"about":[{"href":"https:\/\/www.varietyjazz.be\/index.php?rest_route=\/wp\/v2\/types\/page"}],"author":[{"embeddable":true,"href":"https:\/\/www.varietyjazz.be\/index.php?rest_route=\/wp\/v2\/users\/32"}],"replies":[{"embeddable":true,"href":"https:\/\/www.varietyjazz.be\/index.php?rest_route=%2Fwp%2Fv2%2Fcomments&post=2042"}],"version-history":[{"count":3,"href":"https:\/\/www.varietyjazz.be\/index.php?rest_route=\/wp\/v2\/pages\/2042\/revisions"}],"predecessor-version":[{"id":2047,"href":"https:\/\/www.varietyjazz.be\/index.php?rest_route=\/wp\/v2\/pages\/2042\/revisions\/2047"}],"up":[{"embeddable":true,"href":"https:\/\/www.varietyjazz.be\/index.php?rest_route=\/wp\/v2\/pages\/25"}],"wp:attachment":[{"href":"https:\/\/www.varietyjazz.be\/index.php?rest_route=%2Fwp%2Fv2%2Fmedia&parent=2042"}],"curies":[{"name":"wp","href":"https:\/\/api.w.org\/{rel}","templated":true}]}}