{"id":1583,"date":"2016-03-06T12:46:47","date_gmt":"2016-03-06T11:46:47","guid":{"rendered":"http:\/\/www.varietyjazz.be\/?page_id=1583"},"modified":"2017-08-21T18:02:30","modified_gmt":"2017-08-21T17:02:30","slug":"rossignol-27-fevrier-2016","status":"publish","type":"page","link":"https:\/\/www.varietyjazz.be\/?page_id=1583","title":{"rendered":"Rossignol 27 F\u00e9vrier 2016"},"content":{"rendered":"<p><P> Concert du 30\u00e8me anniversaire au Centre Culturel Rossignol-Tintigny le Samedi 27\/02\/2016 \u00e0 20H00<br \/>\n\u00ab Ballade au fil du jazz \u00bb<br \/>\n<!--\n<P> King Porter Stomp\n<iframe loading=\"lazy\" width=\"560\" height=\"315\" src=\"https:\/\/www.youtube.com\/embed\/jhp46ZuX4jg\" frameborder=\"0\" allowfullscreen><\/iframe>\n<P> The Man I Love\n<iframe loading=\"lazy\" width=\"560\" height=\"315\" src=\"https:\/\/www.youtube.com\/embed\/fqOje88skfQ\" frameborder=\"0\" allowfullscreen><\/iframe>\n--><\/p>\n<p>Cliquez sur la vid\u00e9o pour d\u00e9marrer la playlist du concert.<\/p>\n<p><iframe loading=\"lazy\" width=\"560\" height=\"315\" src=\"https:\/\/www.youtube.com\/embed\/Xn82CdOOzio?list=PLTuJmL056Z6J6RONz6oeYgNNCNRIFsBfw\" frameborder=\"0\" allowfullscreen><\/iframe><br \/>\n<P>Cliquez en haut \u00e0 gauche pour voir la liste des 22 morceaux du concert,<br \/>\nou sur \u00ab\u00a0YouTube\u00a0\u00bb en bas \u00e0 droite pour voir la liste sur le site YouTube.<\/p>\n","protected":false},"excerpt":{"rendered":"<p>Concert du 30\u00e8me anniversaire au Centre Culturel Rossignol-Tintigny le Samedi 27\/02\/2016 \u00e0 20H00 \u00ab Ballade au fil du jazz \u00bb Cliquez sur la vid\u00e9o pour d\u00e9marrer la playlist du concert. Cliquez en haut \u00e0 gauche pour voir la liste des &hellip; <a href=\"https:\/\/www.varietyjazz.be\/?page_id=1583\">Continue reading <span class=\"meta-nav\">&rarr;<\/span><\/a><\/p>\n","protected":false},"author":32,"featured_media":0,"parent":27,"menu_order":-20160227,"comment_status":"closed","ping_status":"closed","template":"","meta":{"footnotes":""},"class_list":["post-1583","page","type-page","status-publish","hentry"],"_links":{"self":[{"href":"https:\/\/www.varietyjazz.be\/index.php?rest_route=\/wp\/v2\/pages\/1583","targetHints":{"allow":["GET"]}}],"collection":[{"href":"https:\/\/www.varietyjazz.be\/index.php?rest_route=\/wp\/v2\/pages"}],"about":[{"href":"https:\/\/www.varietyjazz.be\/index.php?rest_route=\/wp\/v2\/types\/page"}],"author":[{"embeddable":true,"href":"https:\/\/www.varietyjazz.be\/index.php?rest_route=\/wp\/v2\/users\/32"}],"replies":[{"embeddable":true,"href":"https:\/\/www.varietyjazz.be\/index.php?rest_route=%2Fwp%2Fv2%2Fcomments&post=1583"}],"version-history":[{"count":10,"href":"https:\/\/www.varietyjazz.be\/index.php?rest_route=\/wp\/v2\/pages\/1583\/revisions"}],"predecessor-version":[{"id":2575,"href":"https:\/\/www.varietyjazz.be\/index.php?rest_route=\/wp\/v2\/pages\/1583\/revisions\/2575"}],"up":[{"embeddable":true,"href":"https:\/\/www.varietyjazz.be\/index.php?rest_route=\/wp\/v2\/pages\/27"}],"wp:attachment":[{"href":"https:\/\/www.varietyjazz.be\/index.php?rest_route=%2Fwp%2Fv2%2Fmedia&parent=1583"}],"curies":[{"name":"wp","href":"https:\/\/api.w.org\/{rel}","templated":true}]}}