{"id":1525,"date":"2015-12-17T19:48:38","date_gmt":"2015-12-17T18:48:38","guid":{"rendered":"http:\/\/www.varietyjazz.be\/?page_id=1525"},"modified":"2017-08-25T19:04:09","modified_gmt":"2017-08-25T18:04:09","slug":"rythmique","status":"publish","type":"page","link":"https:\/\/www.varietyjazz.be\/?page_id=1525","title":{"rendered":"Rythmique"},"content":{"rendered":"<p><P><a href=\"http:\/\/www.varietyjazz.be\/?page_id=1470\"><img loading=\"lazy\" decoding=\"async\" class=\" wp-image-778\" title=\"HeleneCollignon_Variety_25_ans_R_2010-03-27_138_PNL_6038\" src=\"http:\/\/www.varietyjazz.be\/wp-content\/uploads\/2011\/03\/HeleneCollignon_Variety_25_ans_R_2010-03-27_138_PNL_6038.jpg\" alt=\"\" width=\"100\" height=\"75\" srcset=\"https:\/\/www.varietyjazz.be\/wp-content\/uploads\/2011\/03\/HeleneCollignon_Variety_25_ans_R_2010-03-27_138_PNL_6038.jpg 662w, https:\/\/www.varietyjazz.be\/wp-content\/uploads\/2011\/03\/HeleneCollignon_Variety_25_ans_R_2010-03-27_138_PNL_6038-300x225.jpg 300w\" sizes=\"auto, (max-width: 100px) 100vw, 100px\" \/><\/a> H\u00e9l\u00e8ne Collignon<\/p>\n<p><P><a href=\"http:\/\/www.varietyjazz.be\/?page_id=1472\"><img loading=\"lazy\" decoding=\"async\" class=\" wp-image-779\" title=\"Jean-ClaudeFasbender_20110604_51\" src=\"http:\/\/www.varietyjazz.be\/wp-content\/uploads\/2011\/03\/Jean-ClaudeFasbender_20110604_51.jpg\" alt=\"\" width=\"100\" height=\"75\" srcset=\"https:\/\/www.varietyjazz.be\/wp-content\/uploads\/2011\/03\/Jean-ClaudeFasbender_20110604_51.jpg 702w, https:\/\/www.varietyjazz.be\/wp-content\/uploads\/2011\/03\/Jean-ClaudeFasbender_20110604_51-300x224.jpg 300w\" sizes=\"auto, (max-width: 100px) 100vw, 100px\" \/><\/a> Jean-Claude Fasbender<\/p>\n<p><P><a href=\"http:\/\/www.varietyjazz.be\/?page_id=1474 \"><img loading=\"lazy\" decoding=\"async\" class=\"wp-image-781\" title=\"JeromeHerion_20130818_007\" src=\"http:\/\/www.varietyjazz.be\/wp-content\/uploads\/2011\/03\/JeromeHerion_20130818_007.jpg\" alt=\"\" width=\"100\" height=\"75\" srcset=\"https:\/\/www.varietyjazz.be\/wp-content\/uploads\/2011\/03\/JeromeHerion_20130818_007.jpg 559w, https:\/\/www.varietyjazz.be\/wp-content\/uploads\/2011\/03\/JeromeHerion_20130818_007-300x224.jpg 300w\" sizes=\"auto, (max-width: 100px) 100vw, 100px\" \/><\/a> J\u00e9rome H\u00e9rion<\/p>\n<p><P><a href=\"http:\/\/www.varietyjazz.be\/?page_id=2551\"><img loading=\"lazy\" decoding=\"async\" class=\"size-thumbnail wp-image-2586\" src=\"http:\/\/www.varietyjazz.be\/wp-content\/uploads\/2011\/03\/DonovanRobert_20170721b.jpg\" alt=\"\" width=\"100\" height=\"75\" srcset=\"https:\/\/www.varietyjazz.be\/wp-content\/uploads\/2011\/03\/DonovanRobert_20170721b.jpg 800w, https:\/\/www.varietyjazz.be\/wp-content\/uploads\/2011\/03\/DonovanRobert_20170721b-300x225.jpg 300w, https:\/\/www.varietyjazz.be\/wp-content\/uploads\/2011\/03\/DonovanRobert_20170721b-768x575.jpg 768w, https:\/\/www.varietyjazz.be\/wp-content\/uploads\/2011\/03\/DonovanRobert_20170721b-150x112.jpg 150w, https:\/\/www.varietyjazz.be\/wp-content\/uploads\/2011\/03\/DonovanRobert_20170721b-320x240.jpg 320w\" sizes=\"auto, (max-width: 100px) 100vw, 100px\" \/><\/a> Donovan Robert<\/p>\n","protected":false},"excerpt":{"rendered":"<p>H\u00e9l\u00e8ne Collignon Jean-Claude Fasbender J\u00e9rome H\u00e9rion Donovan Robert<\/p>\n","protected":false},"author":2,"featured_media":0,"parent":23,"menu_order":6,"comment_status":"closed","ping_status":"closed","template":"","meta":{"footnotes":""},"class_list":["post-1525","page","type-page","status-publish","hentry"],"_links":{"self":[{"href":"https:\/\/www.varietyjazz.be\/index.php?rest_route=\/wp\/v2\/pages\/1525","targetHints":{"allow":["GET"]}}],"collection":[{"href":"https:\/\/www.varietyjazz.be\/index.php?rest_route=\/wp\/v2\/pages"}],"about":[{"href":"https:\/\/www.varietyjazz.be\/index.php?rest_route=\/wp\/v2\/types\/page"}],"author":[{"embeddable":true,"href":"https:\/\/www.varietyjazz.be\/index.php?rest_route=\/wp\/v2\/users\/2"}],"replies":[{"embeddable":true,"href":"https:\/\/www.varietyjazz.be\/index.php?rest_route=%2Fwp%2Fv2%2Fcomments&post=1525"}],"version-history":[{"count":4,"href":"https:\/\/www.varietyjazz.be\/index.php?rest_route=\/wp\/v2\/pages\/1525\/revisions"}],"predecessor-version":[{"id":2770,"href":"https:\/\/www.varietyjazz.be\/index.php?rest_route=\/wp\/v2\/pages\/1525\/revisions\/2770"}],"up":[{"embeddable":true,"href":"https:\/\/www.varietyjazz.be\/index.php?rest_route=\/wp\/v2\/pages\/23"}],"wp:attachment":[{"href":"https:\/\/www.varietyjazz.be\/index.php?rest_route=%2Fwp%2Fv2%2Fmedia&parent=1525"}],"curies":[{"name":"wp","href":"https:\/\/api.w.org\/{rel}","templated":true}]}}