{"id":1523,"date":"2015-12-17T19:45:46","date_gmt":"2015-12-17T18:45:46","guid":{"rendered":"http:\/\/www.varietyjazz.be\/?page_id=1523"},"modified":"2017-08-25T19:01:28","modified_gmt":"2017-08-25T18:01:28","slug":"trompettes","status":"publish","type":"page","link":"https:\/\/www.varietyjazz.be\/?page_id=1523","title":{"rendered":"Trompettes"},"content":{"rendered":"<p><P> <a href=\" http:\/\/www.varietyjazz.be\/?page_id=1462\"><img loading=\"lazy\" decoding=\"async\" class=\" wp-image-772\" title=\"FrancoisLafontaine_20110604_59\" src=\"http:\/\/www.varietyjazz.be\/wp-content\/uploads\/2011\/03\/FrancoisLafontaine_20110604_59.jpg\" alt=\"\" width=\"100\" height=\"75\" srcset=\"https:\/\/www.varietyjazz.be\/wp-content\/uploads\/2011\/03\/FrancoisLafontaine_20110604_59.jpg 619w, https:\/\/www.varietyjazz.be\/wp-content\/uploads\/2011\/03\/FrancoisLafontaine_20110604_59-300x224.jpg 300w\" sizes=\"auto, (max-width: 100px) 100vw, 100px\" \/><\/a> Fran\u00e7ois Lafontaine<\/p>\n<p><P> <a href=\"http:\/\/www.varietyjazz.be\/?page_id=1464 \"><img loading=\"lazy\" decoding=\"async\" class=\" wp-image-895\" title=\"AndreFoulon_20140830_091\" src=\"http:\/\/www.varietyjazz.be\/wp-content\/uploads\/2014\/10\/AndreFoulon_20140830_091-150x150.jpg\" alt=\"Andr\u00e9 Foulon\" width=\"100\" height=\"75\" \/><\/a> Andr\u00e9 Foulon<\/p>\n<p><P><a href=\"http:\/\/www.varietyjazz.be\/?page_id=1466\"><img loading=\"lazy\" decoding=\"async\" class=\" wp-image-774\" title=\"MichelHerion_Variety_25_ans_C_2010-03-27_283_PNL_6198\" src=\"http:\/\/www.varietyjazz.be\/wp-content\/uploads\/2011\/03\/MichelHerion_Variety_25_ans_C_2010-03-27_283_PNL_6198.jpg\" alt=\"\" width=\"100\" height=\"75\" srcset=\"https:\/\/www.varietyjazz.be\/wp-content\/uploads\/2011\/03\/MichelHerion_Variety_25_ans_C_2010-03-27_283_PNL_6198.jpg 483w, https:\/\/www.varietyjazz.be\/wp-content\/uploads\/2011\/03\/MichelHerion_Variety_25_ans_C_2010-03-27_283_PNL_6198-300x224.jpg 300w\" sizes=\"auto, (max-width: 100px) 100vw, 100px\" \/><\/a> Michel H\u00e9rion<\/p>\n<p><P><a href=\"http:\/\/www.varietyjazz.be\/?page_id=1468\"><img loading=\"lazy\" decoding=\"async\" class=\" wp-image-776\" title=\"BenoitBertin_20130818_023\" src=\"http:\/\/www.varietyjazz.be\/wp-content\/uploads\/2011\/03\/BenoitBertin_20130818_023.jpg\" alt=\"\" width=\"100\" height=\"75\" \/><\/a> Beno\u00eet Bertin<\/p>\n","protected":false},"excerpt":{"rendered":"<p>Fran\u00e7ois Lafontaine Andr\u00e9 Foulon Michel H\u00e9rion Beno\u00eet Bertin<\/p>\n","protected":false},"author":2,"featured_media":0,"parent":23,"menu_order":5,"comment_status":"closed","ping_status":"closed","template":"","meta":{"footnotes":""},"class_list":["post-1523","page","type-page","status-publish","hentry"],"_links":{"self":[{"href":"https:\/\/www.varietyjazz.be\/index.php?rest_route=\/wp\/v2\/pages\/1523","targetHints":{"allow":["GET"]}}],"collection":[{"href":"https:\/\/www.varietyjazz.be\/index.php?rest_route=\/wp\/v2\/pages"}],"about":[{"href":"https:\/\/www.varietyjazz.be\/index.php?rest_route=\/wp\/v2\/types\/page"}],"author":[{"embeddable":true,"href":"https:\/\/www.varietyjazz.be\/index.php?rest_route=\/wp\/v2\/users\/2"}],"replies":[{"embeddable":true,"href":"https:\/\/www.varietyjazz.be\/index.php?rest_route=%2Fwp%2Fv2%2Fcomments&post=1523"}],"version-history":[{"count":5,"href":"https:\/\/www.varietyjazz.be\/index.php?rest_route=\/wp\/v2\/pages\/1523\/revisions"}],"predecessor-version":[{"id":2768,"href":"https:\/\/www.varietyjazz.be\/index.php?rest_route=\/wp\/v2\/pages\/1523\/revisions\/2768"}],"up":[{"embeddable":true,"href":"https:\/\/www.varietyjazz.be\/index.php?rest_route=\/wp\/v2\/pages\/23"}],"wp:attachment":[{"href":"https:\/\/www.varietyjazz.be\/index.php?rest_route=%2Fwp%2Fv2%2Fmedia&parent=1523"}],"curies":[{"name":"wp","href":"https:\/\/api.w.org\/{rel}","templated":true}]}}