{"id":1516,"date":"2015-12-17T19:34:37","date_gmt":"2015-12-17T18:34:37","guid":{"rendered":"http:\/\/www.varietyjazz.be\/?page_id=1516"},"modified":"2017-08-25T19:21:18","modified_gmt":"2017-08-25T18:21:18","slug":"saxophones","status":"publish","type":"page","link":"https:\/\/www.varietyjazz.be\/?page_id=1516","title":{"rendered":"Saxophones"},"content":{"rendered":"<p><P><a href=\"http:\/\/www.varietyjazz.be\/?page_id=1540\"><img loading=\"lazy\" decoding=\"async\" class=\" wp-image-756\" title=\"S\u00e9bastien Schmitz \" src=\"http:\/\/www.varietyjazz.be\/wp-content\/uploads\/2011\/03\/SebastienSchmitz_20160210a.jpg\" alt=\"S\u00e9bastien Schmitz\" width=\"100\" height=\"75\" \/><\/a> S\u00e9bastien Schmitz<\/p>\n<p><a href=\"http:\/\/www.varietyjazz.be\/?page_id=1448\"><img loading=\"lazy\" decoding=\"async\" class=\" wp-image-756\" title=\"Dany G\u00e9rard \" src=\"http:\/\/www.varietyjazz.be\/wp-content\/uploads\/2014\/09\/DanyGerard_20140830_105.jpg\" alt=\"Dany G\u00e9rard\" width=\"100\" height=\"75\" \/><\/a> Dany G\u00e9rard<\/p>\n<p><a href=\"http:\/\/www.varietyjazz.be\/?page_id=2549\"><img loading=\"lazy\" decoding=\"async\" class=\"size-thumbnail wp-image-2587\" src=\"http:\/\/www.varietyjazz.be\/wp-content\/uploads\/2011\/03\/MarieHinque_20170721a.jpg\" alt=\"\" width=\"100\" height=\"75\" srcset=\"https:\/\/www.varietyjazz.be\/wp-content\/uploads\/2011\/03\/MarieHinque_20170721a.jpg 800w, https:\/\/www.varietyjazz.be\/wp-content\/uploads\/2011\/03\/MarieHinque_20170721a-300x225.jpg 300w, https:\/\/www.varietyjazz.be\/wp-content\/uploads\/2011\/03\/MarieHinque_20170721a-768x575.jpg 768w, https:\/\/www.varietyjazz.be\/wp-content\/uploads\/2011\/03\/MarieHinque_20170721a-150x112.jpg 150w, https:\/\/www.varietyjazz.be\/wp-content\/uploads\/2011\/03\/MarieHinque_20170721a-320x240.jpg 320w\" sizes=\"auto, (max-width: 100px) 100vw, 100px\" \/><\/a> Marie Hinque<\/p>\n<p><P><a href=\"http:\/\/www.varietyjazz.be\/?page_id=2547\"><img loading=\"lazy\" decoding=\"async\" class=\"size-thumbnail wp-image-2589\" src=\"http:\/\/www.varietyjazz.be\/wp-content\/uploads\/2011\/03\/SteveBartholome_20170721.jpg\" alt=\"\" width=\"100\" height=\"75\" srcset=\"https:\/\/www.varietyjazz.be\/wp-content\/uploads\/2011\/03\/SteveBartholome_20170721.jpg 800w, https:\/\/www.varietyjazz.be\/wp-content\/uploads\/2011\/03\/SteveBartholome_20170721-300x225.jpg 300w, https:\/\/www.varietyjazz.be\/wp-content\/uploads\/2011\/03\/SteveBartholome_20170721-768x577.jpg 768w, https:\/\/www.varietyjazz.be\/wp-content\/uploads\/2011\/03\/SteveBartholome_20170721-150x113.jpg 150w, https:\/\/www.varietyjazz.be\/wp-content\/uploads\/2011\/03\/SteveBartholome_20170721-320x240.jpg 320w\" sizes=\"auto, (max-width: 100px) 100vw, 100px\" \/><\/a> Steve Bartholom\u00e9<\/p>\n<p><!-- \n\n<p><a href=\"http:\/\/www.varietyjazz.be\/?page_id=1450\"><img loading=\"lazy\" decoding=\"async\" class=\"wp-image-759\" title=\"ChristopheBaeten_20130815_004\" src=\"http:\/\/www.varietyjazz.be\/wp-content\/uploads\/2011\/03\/ChristopheBaeten_20130815_004.jpg\" alt=\"\" width=\"100\" height=\"75\" srcset=\"https:\/\/www.varietyjazz.be\/wp-content\/uploads\/2011\/03\/ChristopheBaeten_20130815_004.jpg 639w, https:\/\/www.varietyjazz.be\/wp-content\/uploads\/2011\/03\/ChristopheBaeten_20130815_004-300x224.jpg 300w\" sizes=\"auto, (max-width: 100px) 100vw, 100px\" \/><\/a>Christophe Baeten --><\/p>\n<p><!-- \n\n<p><a href=\"http:\/\/www.varietyjazz.be\/?page_id=1452\"><img loading=\"lazy\" decoding=\"async\" class=\"wp-image-762\" title=\"OscarLambert_20110604_63\" src=\"http:\/\/www.varietyjazz.be\/wp-content\/uploads\/2011\/03\/OscarLambert_20110604_63.jpg\" alt=\"\" width=\"100\" height=\"75\" srcset=\"https:\/\/www.varietyjazz.be\/wp-content\/uploads\/2011\/03\/OscarLambert_20110604_63.jpg 647w, https:\/\/www.varietyjazz.be\/wp-content\/uploads\/2011\/03\/OscarLambert_20110604_63-300x225.jpg 300w\" sizes=\"auto, (max-width: 100px) 100vw, 100px\" \/><\/a>Oscar Lambert  --><\/p>\n<p> <a href=\"http:\/\/www.varietyjazz.be\/?page_id=1454\"><img loading=\"lazy\" decoding=\"async\" class=\" wp-image-764\" title=\"DanielThiry_20110604_58\" src=\"http:\/\/www.varietyjazz.be\/wp-content\/uploads\/2011\/03\/DanielThiry_20110604_58.jpg\" alt=\"\" width=\"100\" height=\"75\" srcset=\"https:\/\/www.varietyjazz.be\/wp-content\/uploads\/2011\/03\/DanielThiry_20110604_58.jpg 585w, https:\/\/www.varietyjazz.be\/wp-content\/uploads\/2011\/03\/DanielThiry_20110604_58-300x225.jpg 300w\" sizes=\"auto, (max-width: 100px) 100vw, 100px\" \/><\/a> Daniel Thiry<\/p>\n","protected":false},"excerpt":{"rendered":"<p>S\u00e9bastien Schmitz Dany G\u00e9rard Marie Hinque Steve Bartholom\u00e9 Daniel Thiry<\/p>\n","protected":false},"author":2,"featured_media":0,"parent":23,"menu_order":3,"comment_status":"closed","ping_status":"closed","template":"","meta":{"footnotes":""},"class_list":["post-1516","page","type-page","status-publish","hentry"],"_links":{"self":[{"href":"https:\/\/www.varietyjazz.be\/index.php?rest_route=\/wp\/v2\/pages\/1516","targetHints":{"allow":["GET"]}}],"collection":[{"href":"https:\/\/www.varietyjazz.be\/index.php?rest_route=\/wp\/v2\/pages"}],"about":[{"href":"https:\/\/www.varietyjazz.be\/index.php?rest_route=\/wp\/v2\/types\/page"}],"author":[{"embeddable":true,"href":"https:\/\/www.varietyjazz.be\/index.php?rest_route=\/wp\/v2\/users\/2"}],"replies":[{"embeddable":true,"href":"https:\/\/www.varietyjazz.be\/index.php?rest_route=%2Fwp%2Fv2%2Fcomments&post=1516"}],"version-history":[{"count":7,"href":"https:\/\/www.varietyjazz.be\/index.php?rest_route=\/wp\/v2\/pages\/1516\/revisions"}],"predecessor-version":[{"id":2776,"href":"https:\/\/www.varietyjazz.be\/index.php?rest_route=\/wp\/v2\/pages\/1516\/revisions\/2776"}],"up":[{"embeddable":true,"href":"https:\/\/www.varietyjazz.be\/index.php?rest_route=\/wp\/v2\/pages\/23"}],"wp:attachment":[{"href":"https:\/\/www.varietyjazz.be\/index.php?rest_route=%2Fwp%2Fv2%2Fmedia&parent=1516"}],"curies":[{"name":"wp","href":"https:\/\/api.w.org\/{rel}","templated":true}]}}