{"id":1478,"date":"2015-12-16T19:22:34","date_gmt":"2015-12-16T18:22:34","guid":{"rendered":"http:\/\/www.varietyjazz.be\/?page_id=1478"},"modified":"2017-07-22T19:37:14","modified_gmt":"2017-07-22T18:37:14","slug":"remy-willieme-2","status":"publish","type":"page","link":"https:\/\/www.varietyjazz.be\/?page_id=1478","title":{"rendered":"R\u00e9my Willi\u00e8me"},"content":{"rendered":"<p>Chant<\/p>\n<p><a href=\"http:\/\/www.varietyjazz.be\/wp-content\/uploads\/2011\/03\/RemyWillieme_20130815_039.jpg\"><img loading=\"lazy\" decoding=\"async\" class=\"wp-image-785 size-full alignnone\" src=\"http:\/\/www.varietyjazz.be\/wp-content\/uploads\/2011\/03\/RemyWillieme_20130815_039.jpg\" alt=\"R\u00e9my Willi\u00e8me\" width=\"223\" height=\"168\" \/><\/a><\/p>\n<p>Originaire de Marbehan, j\u2019ai appris la musique avec ma soeur a\u00een\u00e9e, Annie Constant-Willi\u00e8me, cantatrice et professeur de musique.<\/p>\n<p>Parall\u00e8lement \u00e0 des \u00e9tudes de musicologie \u00e0 l\u2019UCL, j\u2019ai form\u00e9 en 1980 le groupe \u00ab <a href=\"https:\/\/www.facebook.com\/DOLE-9408045660\/\" target=\"_blank\">Dole<\/a> \u00bb, avec lequel je me suis produit en concert dans toute l\u2019Europe et ai enregistr\u00e9 plusieurs disques dont l\u2019album \u00ab <a href=\"https:\/\/www.youtube.com\/watch?v=0uweY7rH_jE\" target=\"_blank\">The Speed of Hope<\/a> \u00bb. Apr\u00e8s une br\u00e8ve reformation en 2008, Dole est maintenant consid\u00e9r\u00e9 comme un groupe culte de la new wave des ann\u00e9es 80.<br \/>\n<P>J\u2019ai \u00e9galement travaill\u00e9 pour les maisons de disques Virgin et Polygram-Universal, en tant que directeur des labels classiques Philips et Decca, puis j\u2019ai \u00e9t\u00e9 disquaire \u00e0 Bruxelles.<\/p>\n<p>Plus r\u00e9cemment, j\u2019ai fond\u00e9 les groupes \u00ab <a href=\"https:\/\/fr-fr.facebook.com\/RedSofaGroupe\/\" target=\"_blank\">Red Sofa<\/a> \u00bb et \u00ab Winter is Coming \u00bb et je me produis parfois en solo pour interpr\u00e9ter mes propres compositions et des reprises de mon choix.<\/p>\n<p>Comme je me suis form\u00e9 en chant classique aupr\u00e8s du t\u00e9nor Arnaud Dufrasne, je me sens aussi \u00e0 l\u2019aise dans le r\u00e9pertoire jazz que classique ou encore pop-rock.<br \/>\n<P>Membre du Variety Jazz depuis presque 10 ans, j\u2019y ai tout d\u2019abord jou\u00e9 la guitare avant de passer au chant.<\/p>\n<p><P><a href=\"http:\/\/www.varietyjazz.be\/?page_id=23\">Retour sur la page \u00ab\u00a0Membres\u00a0\u00bb<\/a><\/p>\n","protected":false},"excerpt":{"rendered":"<p>Chant Originaire de Marbehan, j\u2019ai appris la musique avec ma soeur a\u00een\u00e9e, Annie Constant-Willi\u00e8me, cantatrice et professeur de musique. Parall\u00e8lement \u00e0 des \u00e9tudes de musicologie \u00e0 l\u2019UCL, j\u2019ai form\u00e9 en 1980 le groupe \u00ab Dole \u00bb, avec lequel je me &hellip; <a href=\"https:\/\/www.varietyjazz.be\/?page_id=1478\">Continue reading <span class=\"meta-nav\">&rarr;<\/span><\/a><\/p>\n","protected":false},"author":2,"featured_media":0,"parent":1521,"menu_order":0,"comment_status":"closed","ping_status":"closed","template":"","meta":{"footnotes":""},"class_list":["post-1478","page","type-page","status-publish","hentry"],"_links":{"self":[{"href":"https:\/\/www.varietyjazz.be\/index.php?rest_route=\/wp\/v2\/pages\/1478","targetHints":{"allow":["GET"]}}],"collection":[{"href":"https:\/\/www.varietyjazz.be\/index.php?rest_route=\/wp\/v2\/pages"}],"about":[{"href":"https:\/\/www.varietyjazz.be\/index.php?rest_route=\/wp\/v2\/types\/page"}],"author":[{"embeddable":true,"href":"https:\/\/www.varietyjazz.be\/index.php?rest_route=\/wp\/v2\/users\/2"}],"replies":[{"embeddable":true,"href":"https:\/\/www.varietyjazz.be\/index.php?rest_route=%2Fwp%2Fv2%2Fcomments&post=1478"}],"version-history":[{"count":12,"href":"https:\/\/www.varietyjazz.be\/index.php?rest_route=\/wp\/v2\/pages\/1478\/revisions"}],"predecessor-version":[{"id":2602,"href":"https:\/\/www.varietyjazz.be\/index.php?rest_route=\/wp\/v2\/pages\/1478\/revisions\/2602"}],"up":[{"embeddable":true,"href":"https:\/\/www.varietyjazz.be\/index.php?rest_route=\/wp\/v2\/pages\/1521"}],"wp:attachment":[{"href":"https:\/\/www.varietyjazz.be\/index.php?rest_route=%2Fwp%2Fv2%2Fmedia&parent=1478"}],"curies":[{"name":"wp","href":"https:\/\/api.w.org\/{rel}","templated":true}]}}