{"id":1468,"date":"2015-12-16T19:18:25","date_gmt":"2015-12-16T18:18:25","guid":{"rendered":"http:\/\/www.varietyjazz.be\/?page_id=1468"},"modified":"2017-08-12T08:43:21","modified_gmt":"2017-08-12T07:43:21","slug":"benoit-bertin-2","status":"publish","type":"page","link":"https:\/\/www.varietyjazz.be\/?page_id=1468","title":{"rendered":"Beno\u00eet Bertin"},"content":{"rendered":"<p><P>Trompette, Direction<\/p>\n<p><a href=\"http:\/\/www.varietyjazz.be\/wp-content\/uploads\/2015\/12\/BenoitBertin_DSC03714a.jpg\"><img loading=\"lazy\" decoding=\"async\" class=\"wp-image-1510 size-full alignnone\" src=\"http:\/\/www.varietyjazz.be\/wp-content\/uploads\/2015\/12\/BenoitBertin_DSC03714a.jpg\" alt=\"Benoit Bertin\" width=\"800\" height=\"532\" srcset=\"https:\/\/www.varietyjazz.be\/wp-content\/uploads\/2015\/12\/BenoitBertin_DSC03714a.jpg 800w, https:\/\/www.varietyjazz.be\/wp-content\/uploads\/2015\/12\/BenoitBertin_DSC03714a-300x200.jpg 300w, https:\/\/www.varietyjazz.be\/wp-content\/uploads\/2015\/12\/BenoitBertin_DSC03714a-150x100.jpg 150w\" sizes=\"auto, (max-width: 800px) 100vw, 800px\" \/><\/a><\/p>\n<p>J\u2019ai commenc\u00e9 la trompette \u00e0 l\u2019\u00e2ge de 5 ans. J\u2019ai jou\u00e9 \u00e0 l\u2019harmonie d\u2019Halanzy puis celle de Saint-Mard et je suis entr\u00e9 au Variety Jazz en 1996 au pupitre des trombones, mais tr\u00e8s vite le chef de l\u2019\u00e9poque Yvon Magnette m\u2019a demand\u00e9 de reprendre ma trompette.<br \/>\n<P>A 8 ans, je suis entr\u00e9 \u00e0 l\u2019acad\u00e9mie de musique ou j\u2019y ai appris le solf\u00e8ge avec Mr Come et la trompette avec Monsieur Adelson Rasseneur. J\u2019y suis retourn\u00e9 quelques ann\u00e9es plus tard pour \u00e9tudier le trombone avec Claude Rasseneur.<br \/>\n<P>J\u2019ai \u00e9galement suivi les cours de direction musicale \u00e0 l\u2019UGDA \u00e0 Luxembourg avec Andr\u00e9 Reichling, chef de la musique militaire luxembourgeoise et Carlo Jans, professeur de direction musicale au conservatoire de Luxembourg.<br \/>\n<P>Je suis \u00e9galement passionn\u00e9 par l\u2019apiculture et le tennis et si j\u2019ajoute \u00e0 tout cela la vie de famille, les amis et le travail, \u00e7a fait une partition bien remplie.<\/p>\n<p><a href=\"http:\/\/www.varietyjazz.be\/wp-content\/uploads\/2011\/03\/BenoitBertin_20130818_023.jpg\"><img loading=\"lazy\" decoding=\"async\" class=\"wp-image-776 size-full alignnone\" src=\"http:\/\/www.varietyjazz.be\/wp-content\/uploads\/2011\/03\/BenoitBertin_20130818_023.jpg\" alt=\"Beno\u00eet Bertin\" width=\"276\" height=\"207\" \/><\/a><\/p>\n<p><a href=\"http:\/\/www.varietyjazz.be\/?page_id=23\">Retour sur la page \u00ab\u00a0Membres\u00a0\u00bb<\/a><\/p>\n","protected":false},"excerpt":{"rendered":"<p>Trompette, Direction J\u2019ai commenc\u00e9 la trompette \u00e0 l\u2019\u00e2ge de 5 ans. J\u2019ai jou\u00e9 \u00e0 l\u2019harmonie d\u2019Halanzy puis celle de Saint-Mard et je suis entr\u00e9 au Variety Jazz en 1996 au pupitre des trombones, mais tr\u00e8s vite le chef de l\u2019\u00e9poque &hellip; <a href=\"https:\/\/www.varietyjazz.be\/?page_id=1468\">Continue reading <span class=\"meta-nav\">&rarr;<\/span><\/a><\/p>\n","protected":false},"author":2,"featured_media":0,"parent":23,"menu_order":0,"comment_status":"closed","ping_status":"closed","template":"","meta":{"footnotes":""},"class_list":["post-1468","page","type-page","status-publish","hentry"],"_links":{"self":[{"href":"https:\/\/www.varietyjazz.be\/index.php?rest_route=\/wp\/v2\/pages\/1468","targetHints":{"allow":["GET"]}}],"collection":[{"href":"https:\/\/www.varietyjazz.be\/index.php?rest_route=\/wp\/v2\/pages"}],"about":[{"href":"https:\/\/www.varietyjazz.be\/index.php?rest_route=\/wp\/v2\/types\/page"}],"author":[{"embeddable":true,"href":"https:\/\/www.varietyjazz.be\/index.php?rest_route=\/wp\/v2\/users\/2"}],"replies":[{"embeddable":true,"href":"https:\/\/www.varietyjazz.be\/index.php?rest_route=%2Fwp%2Fv2%2Fcomments&post=1468"}],"version-history":[{"count":8,"href":"https:\/\/www.varietyjazz.be\/index.php?rest_route=\/wp\/v2\/pages\/1468\/revisions"}],"predecessor-version":[{"id":2702,"href":"https:\/\/www.varietyjazz.be\/index.php?rest_route=\/wp\/v2\/pages\/1468\/revisions\/2702"}],"up":[{"embeddable":true,"href":"https:\/\/www.varietyjazz.be\/index.php?rest_route=\/wp\/v2\/pages\/23"}],"wp:attachment":[{"href":"https:\/\/www.varietyjazz.be\/index.php?rest_route=%2Fwp%2Fv2%2Fmedia&parent=1468"}],"curies":[{"name":"wp","href":"https:\/\/api.w.org\/{rel}","templated":true}]}}