{"id":1460,"date":"2015-12-16T19:16:29","date_gmt":"2015-12-16T18:16:29","guid":{"rendered":"http:\/\/www.varietyjazz.be\/?page_id=1460"},"modified":"2017-08-12T08:40:01","modified_gmt":"2017-08-12T07:40:01","slug":"daniel-hinque-2","status":"publish","type":"page","link":"https:\/\/www.varietyjazz.be\/?page_id=1460","title":{"rendered":"Daniel Hinque"},"content":{"rendered":"<p>Trombone Basse<\/p>\n<p><a href=\"http:\/\/www.varietyjazz.be\/wp-content\/uploads\/2011\/03\/DanielHinque_20110604_54.jpg\"><img loading=\"lazy\" decoding=\"async\" class=\"size-full wp-image-770 alignnonne\" src=\"http:\/\/www.varietyjazz.be\/wp-content\/uploads\/2011\/03\/DanielHinque_20110604_54.jpg\" alt=\"DanielHinque_20110604_54\" width=\"424\" height=\"318\" srcset=\"https:\/\/www.varietyjazz.be\/wp-content\/uploads\/2011\/03\/DanielHinque_20110604_54.jpg 424w, https:\/\/www.varietyjazz.be\/wp-content\/uploads\/2011\/03\/DanielHinque_20110604_54-300x224.jpg 300w\" sizes=\"auto, (max-width: 424px) 100vw, 424px\" \/><\/a><\/p>\n<p>J&rsquo;ai d\u00e9but\u00e9 la musique au d\u00e9but des ann\u00e9es septante par quelques cours de solf\u00e8ge dispens\u00e9s dans les locaux de l&rsquo;Harmonie la Caecilia de Habay-la-Neuve, puis j&rsquo;ai suivi les cours de l&rsquo;\u00e9cole de musique d&rsquo;Arlon quand Mr Jean Muller a obtenu la cr\u00e9ation d&rsquo;une section de l&rsquo;\u00e9cole de musique \u00e0 Habay.<br \/>\nCours de solf\u00e8ge par Mr Louis Hoyaux et Mme Nickels et cours de trompette puis de trombone par Mr Andr\u00e9 Bourdon, musicien militaire &#8211; ainsi que Mr Louis Hoyaux &#8211; de la Musique des Forces de l&rsquo;Int\u00e9rieur \u00e0 Arlon.<br \/>\n<P>J&rsquo;ai jou\u00e9 du bugle quelques r\u00e9p\u00e9titions et une prestation avec l&rsquo;Harmonie la Caecilia, puis j&rsquo;ai jou\u00e9 de la trompette et du trombone \u00e0 piston quelques ann\u00e9es dans la Fanfare Communale de Habay-la-Vieille (direction Gilbert Salmon) et ensuite du trombone \u00e0 coulisse de 1975 \u00e0 1985 dans l&rsquo;Harmonie Royale L&rsquo;Emulation de Habay-la-Neuve dirig\u00e9e par l&rsquo;Adjudant Louis Hoyaux qui dirigeait aussi l&rsquo;Ensemble Instrumental de l&rsquo;\u00e9cole de musique de Habay pendant la p\u00e9riode durant laquelle j&rsquo;y ai jou\u00e9.<\/p>\n<p>Le Variety Jazz m&rsquo;a accueilli fin 1985 et je ne l&rsquo;ai pratiquement pas quitt\u00e9 depuis sauf pour de quelques rares et courtes p\u00e9riodes.<\/p>\n<p>Nous avons connus de grands moments ces 30 derni\u00e8res ann\u00e9es qui sont principalement dus au travail soutenu par nos deux formidables et talentueux directeurs Yvon Magnette de 1985 \u00e0 2002 et ensuite Daniel Godard de 2002 \u00e0 2016.<\/p>\n<p>Le Variety Jazz vivra, j&rsquo;en suis certain, d&rsquo;autres grands moments durant les trente prochaines ann\u00e9es sous la baguette de Beno\u00eet&#8230;.<br \/>\n<P><\/p>\n<p><a href=\"http:\/\/www.varietyjazz.be\/?page_id=23\">Retour sur la page \u00ab\u00a0Membres\u00a0\u00bb<\/a><\/p>\n","protected":false},"excerpt":{"rendered":"<p>Trombone Basse J&rsquo;ai d\u00e9but\u00e9 la musique au d\u00e9but des ann\u00e9es septante par quelques cours de solf\u00e8ge dispens\u00e9s dans les locaux de l&rsquo;Harmonie la Caecilia de Habay-la-Neuve, puis j&rsquo;ai suivi les cours de l&rsquo;\u00e9cole de musique d&rsquo;Arlon quand Mr Jean Muller &hellip; <a href=\"https:\/\/www.varietyjazz.be\/?page_id=1460\">Continue reading <span class=\"meta-nav\">&rarr;<\/span><\/a><\/p>\n","protected":false},"author":2,"featured_media":0,"parent":1519,"menu_order":4,"comment_status":"closed","ping_status":"closed","template":"","meta":{"footnotes":""},"class_list":["post-1460","page","type-page","status-publish","hentry"],"_links":{"self":[{"href":"https:\/\/www.varietyjazz.be\/index.php?rest_route=\/wp\/v2\/pages\/1460","targetHints":{"allow":["GET"]}}],"collection":[{"href":"https:\/\/www.varietyjazz.be\/index.php?rest_route=\/wp\/v2\/pages"}],"about":[{"href":"https:\/\/www.varietyjazz.be\/index.php?rest_route=\/wp\/v2\/types\/page"}],"author":[{"embeddable":true,"href":"https:\/\/www.varietyjazz.be\/index.php?rest_route=\/wp\/v2\/users\/2"}],"replies":[{"embeddable":true,"href":"https:\/\/www.varietyjazz.be\/index.php?rest_route=%2Fwp%2Fv2%2Fcomments&post=1460"}],"version-history":[{"count":11,"href":"https:\/\/www.varietyjazz.be\/index.php?rest_route=\/wp\/v2\/pages\/1460\/revisions"}],"predecessor-version":[{"id":2695,"href":"https:\/\/www.varietyjazz.be\/index.php?rest_route=\/wp\/v2\/pages\/1460\/revisions\/2695"}],"up":[{"embeddable":true,"href":"https:\/\/www.varietyjazz.be\/index.php?rest_route=\/wp\/v2\/pages\/1519"}],"wp:attachment":[{"href":"https:\/\/www.varietyjazz.be\/index.php?rest_route=%2Fwp%2Fv2%2Fmedia&parent=1460"}],"curies":[{"name":"wp","href":"https:\/\/api.w.org\/{rel}","templated":true}]}}