{"id":1456,"date":"2015-12-16T19:15:22","date_gmt":"2015-12-16T18:15:22","guid":{"rendered":"http:\/\/www.varietyjazz.be\/?page_id=1456"},"modified":"2017-08-12T08:33:03","modified_gmt":"2017-08-12T07:33:03","slug":"olivier-chavee","status":"publish","type":"page","link":"https:\/\/www.varietyjazz.be\/?page_id=1456","title":{"rendered":"Olivier Chav\u00e9e"},"content":{"rendered":"<p>Trombone T\u00e9nor<\/p>\n<p><P><a href=\"http:\/\/www.varietyjazz.be\/wp-content\/uploads\/2011\/03\/OlivierChavee_20110604_56.jpg\"><img loading=\"lazy\" decoding=\"async\" class=\"wp-image-766 size-full \" src=\"http:\/\/www.varietyjazz.be\/wp-content\/uploads\/2011\/03\/OlivierChavee_20110604_56.jpg\" alt=\"Olivier Chav\u00e9e\" width=\"616\" height=\"462\" srcset=\"https:\/\/www.varietyjazz.be\/wp-content\/uploads\/2011\/03\/OlivierChavee_20110604_56.jpg 616w, https:\/\/www.varietyjazz.be\/wp-content\/uploads\/2011\/03\/OlivierChavee_20110604_56-300x225.jpg 300w\" sizes=\"auto, (max-width: 616px) 100vw, 616px\" \/><\/a><\/p>\n<p><P>Je fais partie des fondateurs du Variety Jazz et donc depuis 1985, je suis \u00ab\u00a0premier trombone\u00a0\u00bb dans l&rsquo;orchestre.<br \/>\n<P>En f\u00e9vrier 2002, j&rsquo;ai pris la fonction de Pr\u00e9sident jusqu&rsquo;en f\u00e9vrier 2014.<br \/>\n<P>Depuis sa cr\u00e9ation, j&rsquo;ai pu appr\u00e9cier la pr\u00e9sence (courte ou longue) de diff\u00e9rents musiciens. Des rencontres magnifiques, humainement et musicalement et qui, au fil des ann\u00e9es, ont permis de p\u00e9renniser la vie de l&rsquo;orchestre mais aussi d&rsquo;amplifier sa qualit\u00e9 musicale.<\/p>\n<p><a href=\"http:\/\/www.varietyjazz.be\/?page_id=23\">Retour sur la page \u00ab\u00a0Membres\u00a0\u00bb<\/a><\/p>\n","protected":false},"excerpt":{"rendered":"<p>Trombone T\u00e9nor Je fais partie des fondateurs du Variety Jazz et donc depuis 1985, je suis \u00ab\u00a0premier trombone\u00a0\u00bb dans l&rsquo;orchestre. En f\u00e9vrier 2002, j&rsquo;ai pris la fonction de Pr\u00e9sident jusqu&rsquo;en f\u00e9vrier 2014. Depuis sa cr\u00e9ation, j&rsquo;ai pu appr\u00e9cier la pr\u00e9sence &hellip; <a href=\"https:\/\/www.varietyjazz.be\/?page_id=1456\">Continue reading <span class=\"meta-nav\">&rarr;<\/span><\/a><\/p>\n","protected":false},"author":2,"featured_media":0,"parent":1519,"menu_order":1,"comment_status":"closed","ping_status":"closed","template":"","meta":{"footnotes":""},"class_list":["post-1456","page","type-page","status-publish","hentry"],"_links":{"self":[{"href":"https:\/\/www.varietyjazz.be\/index.php?rest_route=\/wp\/v2\/pages\/1456","targetHints":{"allow":["GET"]}}],"collection":[{"href":"https:\/\/www.varietyjazz.be\/index.php?rest_route=\/wp\/v2\/pages"}],"about":[{"href":"https:\/\/www.varietyjazz.be\/index.php?rest_route=\/wp\/v2\/types\/page"}],"author":[{"embeddable":true,"href":"https:\/\/www.varietyjazz.be\/index.php?rest_route=\/wp\/v2\/users\/2"}],"replies":[{"embeddable":true,"href":"https:\/\/www.varietyjazz.be\/index.php?rest_route=%2Fwp%2Fv2%2Fcomments&post=1456"}],"version-history":[{"count":7,"href":"https:\/\/www.varietyjazz.be\/index.php?rest_route=\/wp\/v2\/pages\/1456\/revisions"}],"predecessor-version":[{"id":2688,"href":"https:\/\/www.varietyjazz.be\/index.php?rest_route=\/wp\/v2\/pages\/1456\/revisions\/2688"}],"up":[{"embeddable":true,"href":"https:\/\/www.varietyjazz.be\/index.php?rest_route=\/wp\/v2\/pages\/1519"}],"wp:attachment":[{"href":"https:\/\/www.varietyjazz.be\/index.php?rest_route=%2Fwp%2Fv2%2Fmedia&parent=1456"}],"curies":[{"name":"wp","href":"https:\/\/api.w.org\/{rel}","templated":true}]}}