{"id":1454,"date":"2015-12-16T19:14:31","date_gmt":"2015-12-16T18:14:31","guid":{"rendered":"http:\/\/www.varietyjazz.be\/?page_id=1454"},"modified":"2017-08-12T08:37:06","modified_gmt":"2017-08-12T07:37:06","slug":"daniel-thiry-2","status":"publish","type":"page","link":"https:\/\/www.varietyjazz.be\/?page_id=1454","title":{"rendered":"Daniel Thiry"},"content":{"rendered":"<p>Saxophone Baryton<\/p>\n<p><a href=\"http:\/\/www.varietyjazz.be\/wp-content\/uploads\/2015\/12\/DanielThiry.jpg\"><img loading=\"lazy\" decoding=\"async\" class=\"alignnone wp-image-1512 size-full\" src=\"http:\/\/www.varietyjazz.be\/wp-content\/uploads\/2015\/12\/DanielThiry.jpg\" alt=\"Daniel Thiry\" width=\"846\" height=\"568\" srcset=\"https:\/\/www.varietyjazz.be\/wp-content\/uploads\/2015\/12\/DanielThiry.jpg 846w, https:\/\/www.varietyjazz.be\/wp-content\/uploads\/2015\/12\/DanielThiry-300x201.jpg 300w, https:\/\/www.varietyjazz.be\/wp-content\/uploads\/2015\/12\/DanielThiry-150x101.jpg 150w\" sizes=\"auto, (max-width: 846px) 100vw, 846px\" \/><\/a><\/p>\n<p><P>J\u2019ai \u00e9tudi\u00e9 la musique \u00e0 l\u2019\u00e2ge de 12 ans \u00e0 l\u2019ISMA puis ai suivi les cours de clarinette (professeur Mr Rodrigue, musicien militaire) puis le saxo \u00e0 15 ans (Mr Delbecque)<\/p>\n<p>Depuis lors j\u2019ai pratiqu\u00e9 non stop en harmonie \u00e0 Etalle, puis en big-band : Opus Ar Big Band depuis 1995 puis Variety \u00e0 partir de 2004 ; quelques prestations en orchestre de vari\u00e9t\u00e9 musette, champ\u00eatre ou Oberbayern.<br \/>\n<P>Ce n\u2019\u00e9tait que du bonheur de se retrouver entre amis musiciens pour partager notre passion.<\/p>\n<p><P><a href=\"http:\/\/www.varietyjazz.be\/wp-content\/uploads\/2015\/12\/DanielThiryHabayJuin2011.jpg\"><img loading=\"lazy\" decoding=\"async\" class=\"wp-image-1513 size-full alignnone\" src=\"http:\/\/www.varietyjazz.be\/wp-content\/uploads\/2015\/12\/DanielThiryHabayJuin2011.jpg\" alt=\"Daniel Thiry Habay Juin 2011\" width=\"800\" height=\"534\" srcset=\"https:\/\/www.varietyjazz.be\/wp-content\/uploads\/2015\/12\/DanielThiryHabayJuin2011.jpg 800w, https:\/\/www.varietyjazz.be\/wp-content\/uploads\/2015\/12\/DanielThiryHabayJuin2011-300x200.jpg 300w, https:\/\/www.varietyjazz.be\/wp-content\/uploads\/2015\/12\/DanielThiryHabayJuin2011-150x100.jpg 150w\" sizes=\"auto, (max-width: 800px) 100vw, 800px\" \/><\/a><\/p>\n<p><a href=\"http:\/\/www.varietyjazz.be\/?page_id=23\">Retour sur la page \u00ab\u00a0Membres\u00a0\u00bb<\/a><\/p>\n","protected":false},"excerpt":{"rendered":"<p>Saxophone Baryton J\u2019ai \u00e9tudi\u00e9 la musique \u00e0 l\u2019\u00e2ge de 12 ans \u00e0 l\u2019ISMA puis ai suivi les cours de clarinette (professeur Mr Rodrigue, musicien militaire) puis le saxo \u00e0 15 ans (Mr Delbecque) Depuis lors j\u2019ai pratiqu\u00e9 non stop en &hellip; <a href=\"https:\/\/www.varietyjazz.be\/?page_id=1454\">Continue reading <span class=\"meta-nav\">&rarr;<\/span><\/a><\/p>\n","protected":false},"author":2,"featured_media":0,"parent":1516,"menu_order":0,"comment_status":"closed","ping_status":"closed","template":"","meta":{"footnotes":""},"class_list":["post-1454","page","type-page","status-publish","hentry"],"_links":{"self":[{"href":"https:\/\/www.varietyjazz.be\/index.php?rest_route=\/wp\/v2\/pages\/1454","targetHints":{"allow":["GET"]}}],"collection":[{"href":"https:\/\/www.varietyjazz.be\/index.php?rest_route=\/wp\/v2\/pages"}],"about":[{"href":"https:\/\/www.varietyjazz.be\/index.php?rest_route=\/wp\/v2\/types\/page"}],"author":[{"embeddable":true,"href":"https:\/\/www.varietyjazz.be\/index.php?rest_route=\/wp\/v2\/users\/2"}],"replies":[{"embeddable":true,"href":"https:\/\/www.varietyjazz.be\/index.php?rest_route=%2Fwp%2Fv2%2Fcomments&post=1454"}],"version-history":[{"count":6,"href":"https:\/\/www.varietyjazz.be\/index.php?rest_route=\/wp\/v2\/pages\/1454\/revisions"}],"predecessor-version":[{"id":2692,"href":"https:\/\/www.varietyjazz.be\/index.php?rest_route=\/wp\/v2\/pages\/1454\/revisions\/2692"}],"up":[{"embeddable":true,"href":"https:\/\/www.varietyjazz.be\/index.php?rest_route=\/wp\/v2\/pages\/1516"}],"wp:attachment":[{"href":"https:\/\/www.varietyjazz.be\/index.php?rest_route=%2Fwp%2Fv2%2Fmedia&parent=1454"}],"curies":[{"name":"wp","href":"https:\/\/api.w.org\/{rel}","templated":true}]}}