{"id":27,"date":"2011-03-13T15:35:39","date_gmt":"2011-03-13T14:35:39","guid":{"rendered":"http:\/\/www.varietyjazz.be\/?page_id=27"},"modified":"2019-04-12T19:16:31","modified_gmt":"2019-04-12T18:16:31","slug":"videos","status":"publish","type":"page","link":"http:\/\/www.varietyjazz.be\/?page_id=27","title":{"rendered":"Vid\u00e9os"},"content":{"rendered":"<p><a title=\"Luxembourg 9 Septembre 2017\" href=\"http:\/\/www.varietyjazz.be\/?page_id=2789\">Luxembourg 9 Septembre 2017<\/a><\/p>\n<p><a title=\"Saint-Mard 19 Ao\u00fbt 2017\" href=\"http:\/\/www.varietyjazz.be\/?page_id=2714\">Saint-Mard 19 Ao\u00fbt 2017<\/a><\/p>\n<p><a title=\"Habay 21 Juillet 2017\" href=\"http:\/\/www.varietyjazz.be\/?page_id=2591\">Habay 21 Juillet 2017<\/a><\/p>\n<p><a title=\"Luxembourg 6 Septembre 2016\" href=\"http:\/\/www.varietyjazz.be\/?page_id=2381\">Luxembourg 6 Septembre 2016<\/a><\/p>\n<p><a title=\"Ch\u00e2teau de Montquintin 30 Juillet 2016\" href=\"http:\/\/www.varietyjazz.be\/?page_id=2361\">Ch\u00e2teau de Montquintin 30 Juillet 2016<\/a><\/p>\n<p><a title=\"Habay Ab\u00e9ro 26 Juin 2016\" href=\"http:\/\/www.varietyjazz.be\/?page_id=2057\">Habay Ab\u00e9ro 26 Juin 2016<\/a><\/p>\n<p><a title=\"Rossignol 27 F\u00e9vrier 2016\" href=\"http:\/\/www.varietyjazz.be\/?page_id=1583\">Rossignol 27 F\u00e9vrier 2016<\/a><\/p>\n<p><a title=\"Torgny 19 Juillet 2015\" href=\"http:\/\/www.varietyjazz.be\/?page_id=985\">Torgny 19 Juillet 2015<\/a><\/p>\n<p><a title=\"Luxembourg 30 Ao\u00fbt 2014\" href=\"http:\/\/www.varietyjazz.be\/?page_id=851\">Luxembourg 30 Ao\u00fbt 2014<\/a><\/p>\n<p><a title=\"Concert \u00e0 Arlon le 30 Ao\u00fbt 2014\" href=\"http:\/\/www.varietyjazz.be\/?page_id=866\">Arlon 30 Ao\u00fbt 2014<\/a><\/p>\n<p><a title=\"Concert \u00e0 Luxembourg le 18 Ao\u00fbt 2013\" href=\"http:\/\/www.varietyjazz.be\/?page_id=708\">Luxembourg 18 Ao\u00fbt 2013<\/a><\/p>\n<p><a title=\"Concert \u00e0 Saint-L\u00e9ger le 15 Ao\u00fbt 2013\" href=\"http:\/\/www.varietyjazz.be\/?page_id=646\">Saint-L\u00e9ger 15 Ao\u00fbt 2013<\/a><\/p>\n<p><a title=\"F\u00eate de la Musique \u00e0 Habay-la-Neuve le 23 Juin 2013\" href=\"http:\/\/www.varietyjazz.be\/?page_id=687\">Habay-la-Neuve 23 Juin 2013<\/a><\/p>\n<p><a title=\"Virton Ap\u00e9ritif Concert 19 Ao\u00fbt 2012\" href=\"http:\/\/www.varietyjazz.be\/?page_id=676\">Virton 19 Ao\u00fbt 2012<\/a><\/p>\n<p><a title=\"25\u00e8me Anniversaire du Variety Jazz \u00e0 la MCSL d\u2019Arlon le 27\/03\/2010.\" href=\"http:\/\/www.varietyjazz.be\/?page_id=678\">Arlon 27 Mars 2010<\/a><\/p>\n<p><a href=\"http:\/\/www.varietyjazz.be\/?page_id=3032\">The Domino&rsquo;s 1996<\/a><\/p>\n\n\n<p><\/p>\n","protected":false},"excerpt":{"rendered":"<p>Luxembourg 9 Septembre 2017 Saint-Mard 19 Ao\u00fbt 2017 Habay 21 Juillet 2017 Luxembourg 6 Septembre 2016 Ch\u00e2teau de Montquintin 30 Juillet 2016 Habay Ab\u00e9ro 26 Juin 2016 Rossignol 27 F\u00e9vrier 2016 Torgny 19 Juillet 2015 Luxembourg 30 Ao\u00fbt 2014 Arlon &hellip; <a href=\"http:\/\/www.varietyjazz.be\/?page_id=27\">Continue reading <span class=\"meta-nav\">&rarr;<\/span><\/a><\/p>\n","protected":false},"author":1,"featured_media":0,"parent":0,"menu_order":500,"comment_status":"closed","ping_status":"closed","template":"","meta":{"footnotes":""},"class_list":["post-27","page","type-page","status-publish","hentry"],"_links":{"self":[{"href":"http:\/\/www.varietyjazz.be\/index.php?rest_route=\/wp\/v2\/pages\/27","targetHints":{"allow":["GET"]}}],"collection":[{"href":"http:\/\/www.varietyjazz.be\/index.php?rest_route=\/wp\/v2\/pages"}],"about":[{"href":"http:\/\/www.varietyjazz.be\/index.php?rest_route=\/wp\/v2\/types\/page"}],"author":[{"embeddable":true,"href":"http:\/\/www.varietyjazz.be\/index.php?rest_route=\/wp\/v2\/users\/1"}],"replies":[{"embeddable":true,"href":"http:\/\/www.varietyjazz.be\/index.php?rest_route=%2Fwp%2Fv2%2Fcomments&post=27"}],"version-history":[{"count":26,"href":"http:\/\/www.varietyjazz.be\/index.php?rest_route=\/wp\/v2\/pages\/27\/revisions"}],"predecessor-version":[{"id":3040,"href":"http:\/\/www.varietyjazz.be\/index.php?rest_route=\/wp\/v2\/pages\/27\/revisions\/3040"}],"wp:attachment":[{"href":"http:\/\/www.varietyjazz.be\/index.php?rest_route=%2Fwp%2Fv2%2Fmedia&parent=27"}],"curies":[{"name":"wp","href":"https:\/\/api.w.org\/{rel}","templated":true}]}}