{"id":2205,"date":"2016-07-10T16:09:15","date_gmt":"2016-07-10T15:09:15","guid":{"rendered":"http:\/\/www.varietyjazz.be\/?page_id=2205"},"modified":"2017-08-21T18:08:11","modified_gmt":"2017-08-21T17:08:11","slug":"concert-a-habay-la-neuve-abero-26-juin-2016","status":"publish","type":"page","link":"http:\/\/www.varietyjazz.be\/?page_id=2205","title":{"rendered":"Concert \u00e0 Habay-la-Neuve Ab\u00e9ro 26 Juin 2016"},"content":{"rendered":"<p>Concert lors de l&rsquo;Ab\u00e9ro dans le Parc du Ch\u00e2telet \u00e0 Habay-la-Neuve le 26 juin 2016.<\/p>\n<p>[nggallery id=\u00a0\u00bb12&Prime;]<\/p>\n","protected":false},"excerpt":{"rendered":"<p>Concert lors de l&rsquo;Ab\u00e9ro dans le Parc du Ch\u00e2telet \u00e0 Habay-la-Neuve le 26 juin 2016. [nggallery id=\u00a0\u00bb12&Prime;]<\/p>\n","protected":false},"author":32,"featured_media":0,"parent":25,"menu_order":-20160626,"comment_status":"closed","ping_status":"closed","template":"","meta":{"footnotes":""},"class_list":["post-2205","page","type-page","status-publish","hentry"],"_links":{"self":[{"href":"http:\/\/www.varietyjazz.be\/index.php?rest_route=\/wp\/v2\/pages\/2205","targetHints":{"allow":["GET"]}}],"collection":[{"href":"http:\/\/www.varietyjazz.be\/index.php?rest_route=\/wp\/v2\/pages"}],"about":[{"href":"http:\/\/www.varietyjazz.be\/index.php?rest_route=\/wp\/v2\/types\/page"}],"author":[{"embeddable":true,"href":"http:\/\/www.varietyjazz.be\/index.php?rest_route=\/wp\/v2\/users\/32"}],"replies":[{"embeddable":true,"href":"http:\/\/www.varietyjazz.be\/index.php?rest_route=%2Fwp%2Fv2%2Fcomments&post=2205"}],"version-history":[{"count":2,"href":"http:\/\/www.varietyjazz.be\/index.php?rest_route=\/wp\/v2\/pages\/2205\/revisions"}],"predecessor-version":[{"id":2207,"href":"http:\/\/www.varietyjazz.be\/index.php?rest_route=\/wp\/v2\/pages\/2205\/revisions\/2207"}],"up":[{"embeddable":true,"href":"http:\/\/www.varietyjazz.be\/index.php?rest_route=\/wp\/v2\/pages\/25"}],"wp:attachment":[{"href":"http:\/\/www.varietyjazz.be\/index.php?rest_route=%2Fwp%2Fv2%2Fmedia&parent=2205"}],"curies":[{"name":"wp","href":"https:\/\/api.w.org\/{rel}","templated":true}]}}