{"id":2048,"date":"2016-06-10T20:16:22","date_gmt":"2016-06-10T19:16:22","guid":{"rendered":"http:\/\/www.varietyjazz.be\/?page_id=2048"},"modified":"2017-08-21T18:08:48","modified_gmt":"2017-08-21T17:08:48","slug":"concert-rossignol-23-avril-2016","status":"publish","type":"page","link":"http:\/\/www.varietyjazz.be\/?page_id=2048","title":{"rendered":"Concert \u00e0 Rossignol le 23 Avril 2016"},"content":{"rendered":"<p>Deuxi\u00e8me concert du 30\u00e8me anniversaire du Variety Jazz au Centre Culturel de Rossignol-Tintigny.<\/p>\n<p>[nggallery id=\u00a0\u00bb11&Prime;]<\/p>\n","protected":false},"excerpt":{"rendered":"<p>Deuxi\u00e8me concert du 30\u00e8me anniversaire du Variety Jazz au Centre Culturel de Rossignol-Tintigny. [nggallery id=\u00a0\u00bb11&Prime;]<\/p>\n","protected":false},"author":32,"featured_media":0,"parent":25,"menu_order":-20160423,"comment_status":"closed","ping_status":"closed","template":"","meta":{"footnotes":""},"class_list":["post-2048","page","type-page","status-publish","hentry"],"_links":{"self":[{"href":"http:\/\/www.varietyjazz.be\/index.php?rest_route=\/wp\/v2\/pages\/2048","targetHints":{"allow":["GET"]}}],"collection":[{"href":"http:\/\/www.varietyjazz.be\/index.php?rest_route=\/wp\/v2\/pages"}],"about":[{"href":"http:\/\/www.varietyjazz.be\/index.php?rest_route=\/wp\/v2\/types\/page"}],"author":[{"embeddable":true,"href":"http:\/\/www.varietyjazz.be\/index.php?rest_route=\/wp\/v2\/users\/32"}],"replies":[{"embeddable":true,"href":"http:\/\/www.varietyjazz.be\/index.php?rest_route=%2Fwp%2Fv2%2Fcomments&post=2048"}],"version-history":[{"count":1,"href":"http:\/\/www.varietyjazz.be\/index.php?rest_route=\/wp\/v2\/pages\/2048\/revisions"}],"predecessor-version":[{"id":2049,"href":"http:\/\/www.varietyjazz.be\/index.php?rest_route=\/wp\/v2\/pages\/2048\/revisions\/2049"}],"up":[{"embeddable":true,"href":"http:\/\/www.varietyjazz.be\/index.php?rest_route=\/wp\/v2\/pages\/25"}],"wp:attachment":[{"href":"http:\/\/www.varietyjazz.be\/index.php?rest_route=%2Fwp%2Fv2%2Fmedia&parent=2048"}],"curies":[{"name":"wp","href":"https:\/\/api.w.org\/{rel}","templated":true}]}}